{"id":180,"date":"2024-10-29T10:53:13","date_gmt":"2024-10-29T09:53:13","guid":{"rendered":"https:\/\/ecuriedelaunac.com\/?page_id=180"},"modified":"2026-03-04T15:42:58","modified_gmt":"2026-03-04T14:42:58","slug":"mentions-legales","status":"publish","type":"page","link":"https:\/\/ecuriedelaunac.com\/index.php\/mentions-legales\/","title":{"rendered":"Mentions l\u00e9gales et politique de confidentialit\u00e9"},"content":{"rendered":"<p>[et_pb_section fb_built=\u00a0\u00bb1&Prime; _builder_version=\u00a0\u00bb4.27.2&Prime; _module_preset=\u00a0\u00bbdefault\u00a0\u00bb global_colors_info=\u00a0\u00bb{}\u00a0\u00bb][et_pb_row _builder_version=\u00a0\u00bb4.27.2&Prime; _module_preset=\u00a0\u00bbdefault\u00a0\u00bb global_colors_info=\u00a0\u00bb{}\u00a0\u00bb][et_pb_column type=\u00a0\u00bb4_4&Prime; _builder_version=\u00a0\u00bb4.27.2&Prime; _module_preset=\u00a0\u00bbdefault\u00a0\u00bb global_colors_info=\u00a0\u00bb{}\u00a0\u00bb][et_pb_text _builder_version=\u00a0\u00bb4.27.2&Prime; _module_preset=\u00a0\u00bbdefault\u00a0\u00bb global_colors_info=\u00a0\u00bb{}\u00a0\u00bb]<\/p>\n<h3><b>Mentions L\u00e9gales et Politique de confidentialit\u00e9<\/b><\/h3>\n<p><b>\u00a0<\/b><\/p>\n<p><b>Conform\u00e9ment aux dispositions des Articles 6-III et 19 de la Loi n\u00b02004-575 du 21 juin 2004 pour la Confiance dans l\u2019\u00e9conomie num\u00e9rique, dite L.C.E.N. Il est port\u00e9 \u00e0 la connaissance des Utilisateurs du site <\/b><a href=\"https:\/\/www.ecuriedelaunac.com\/\"><b>https:\/\/www.ecuriedelaunac.com<\/b><\/a><b> les pr\u00e9sentes mentions l\u00e9gales. La connexion et la navigation sur le site https:\/\/www.ecuriedelaunac.com\u00a0 par l\u2019Utilisateur implique l\u2019acceptation int\u00e9grale et sans r\u00e9serve des pr\u00e9sentes mentions l\u00e9gales.<\/b><\/p>\n<p><b>\u00a0<\/b><\/p>\n<p><b>ARTICLE 1 : L\u2019\u00e9diteur<\/b><\/p>\n<p><b>L\u2019\u00e9dition du site<\/b><a href=\"https:\/\/parfumerie-charme-staffrique.fr\/\" target=\"_blank\" rel=\"noopener\"><b>\u00a0 <\/b><\/a><b>https:\/\/www.ecuriedelaunac.com\u00a0 est assur\u00e9e par l\u2019ECURIE DE LAUNAC immatricul\u00e9e au RCS de Montpellier D 819 836 263, Siren 819836263 au capital social de 7 500,00 \u20ac dont le si\u00e8ge social est situ\u00e9 au DOMAINE DE LAUNAC 34690 FABREGUES, num\u00e9ro de t\u00e9l\u00e9phone <\/b><a href=\"https:\/\/www.google.com\/search?client=safari&amp;rls=en&amp;q=%C3%A9curie+de+launac&amp;ie=UTF-8&amp;oe=UTF-8#\" target=\"_blank\" rel=\"noopener\"><b>06 65 19 92 61<\/b><\/a><b>.<\/b><\/p>\n<p><b>Adresse e-mail : laetitiaassieconsult@gmail.com<\/b><\/p>\n<p><b>\u00a0Directrice de la Publication : Laetitia Assi\u00e9<\/b><\/p>\n<p><strong>Site internet con\u00e7u et r\u00e9alis\u00e9 par :<\/strong><\/p>\n<p><strong>Carla Maurin<\/strong><br \/>Immatricul\u00e9e au RCS de Rodez sous le num\u00e9ro 982 223 976<br \/>Si\u00e8ge social : 6 rue Andr\u00e9 Cagnard<br \/>12400 Saint-Affrique \u2013 France<br \/>Contact :\u00a0<a>agence.mirarte@gmail.com<\/a><\/p>\n<p><b>ARTICLE 2 : L\u2019h\u00e9bergeur\u00a0<\/b><\/p>\n<p><b>L\u2019h\u00e9bergeur du site https:\/\/www.ecuriedelaunac.com\u00a0 est la Soci\u00e9t\u00e9 1&amp;1 Ionos, dont le si\u00e8ge social est situ\u00e9 au 7 Place de la Gare, 57200 Sarreguemines , avec le num\u00e9ro de t\u00e9l\u00e9phone : 09 70 80 89 11.<\/b><\/p>\n<p><b>\u00a0<\/b><\/p>\n<p><b>ARTICLE 3 : Acc\u00e8s au site\u00a0<\/b><\/p>\n<p><b>\u00a0<\/b><\/p>\n<p><b>L\u2019acc\u00e8s au site et son utilisation sont r\u00e9serv\u00e9s \u00e0 un usage strictement personnel. Vous vous engagez \u00e0 ne pas utiliser ce site et les informations ou donn\u00e9es qui y figurent \u00e0 des fins commerciales, politiques, publicitaires et pour toute forme de sollicitation commerciale et notamment l\u2019envoi de courriers \u00e9lectroniques non sollicit\u00e9s.\u00a0<\/b><\/p>\n<p><b>Les utilisateurs du site peuvent y d\u00e9poser du contenu, apparaissant sur le site dans des espaces d\u00e9di\u00e9s (notamment via les commentaires). Le contenu d\u00e9pos\u00e9 reste sous la responsabilit\u00e9 de leurs auteurs, qui en assument pleinement l\u2019enti\u00e8re responsabilit\u00e9 juridique.<\/b><\/p>\n<p><b>Le propri\u00e9taire du site se r\u00e9serve n\u00e9anmoins le droit de retirer sans pr\u00e9avis et sans justification tout contenu d\u00e9pos\u00e9 par les utilisateurs qui ne se satisferait pas \u00e0 la charte d\u00e9ontologique du site ou \u00e0 la l\u00e9gislation en vigueur.\u00a0<\/b><\/p>\n<p><b>\u00a0<\/b><\/p>\n<p><b>ARTICLE 4 \u2013 Gestion du site\u00a0<\/b><\/p>\n<p><b>Le site est accessible par tout endroit, 7j\/7, 24h\/24 sauf cas de force majeure, interruption programm\u00e9e ou non et pouvant d\u00e9coulant d\u2019une n\u00e9cessit\u00e9 de maintenance.<\/b><\/p>\n<p><b>En cas de modification, interruption ou suspension des services https:\/\/www.ecuriedelaunac.com le site ne saurait \u00eatre tenu responsable.<\/b><\/p>\n<p><b>Pour la bonne gestion du site, l\u2019\u00e9diteur pourra \u00e0 tout moment :\u00a0<\/b><\/p>\n<p><b>\u2013 suspendre, interrompre ou limiter l\u2019acc\u00e8s \u00e0 tout ou partie du site, r\u00e9server l\u2019acc\u00e8s au site, ou \u00e0 certaines parties du site, \u00e0 une cat\u00e9gorie d\u00e9termin\u00e9e d\u2019internautes ;<\/b><\/p>\n<p><b>\u2013 supprimer toute information pouvant en perturber le fonctionnement ou entrant en contravention avec les lois nationales ou internationales ;<\/b><\/p>\n<p><b>\u2013 suspendre le site afin de proc\u00e9der \u00e0 des mises \u00e0 jour.<\/b><\/p>\n<p><b>\u00a0<\/b><\/p>\n<p><b>ARTICLE 5 : Collecte des donn\u00e9es\u00a0<\/b><\/p>\n<p><b>Vos donn\u00e9es sont collect\u00e9es par la soci\u00e9t\u00e9 https:\/\/www.ecuriedelaunac.com, uniquement si il y a une cr\u00e9ation de compte sur notre site internet. Une donn\u00e9e \u00e0 caract\u00e8re personnel d\u00e9signe toute information concernant une personne physique identifi\u00e9e ou identifiable (personne concern\u00e9e) ; est r\u00e9put\u00e9e identifiable une personne qui peut \u00eatre identifi\u00e9e, directement ou indirectement, notamment par r\u00e9f\u00e9rence \u00e0 un nom, un num\u00e9ro d\u2019identification ou \u00e0 un ou plusieurs \u00e9l\u00e9ments sp\u00e9cifiques, propres \u00e0 son identit\u00e9 physique, physiologique, g\u00e9n\u00e9tique, psychique, \u00e9conomique, culturelle ou sociale.\u00a0<\/b><\/p>\n<p><b>Les informations personnelles pouvant \u00eatre recueillies sur le site sont principalement utilis\u00e9es par l\u2019\u00e9diteur pour la gestion des relations avec vous, et le cas \u00e9ch\u00e9ant pour le traitement de vos commandes.\u00a0<\/b><\/p>\n<p><b>Les donn\u00e9es personnelles collect\u00e9es sont les suivantes :<\/b><\/p>\n<p><b>\u2013 adresse<\/b><\/p>\n<p><b>\u2013 adresse mail<\/b><\/p>\n<p><b>\u2013 num\u00e9ro de t\u00e9l\u00e9phone\u00a0<\/b><\/p>\n<p><b>\u2013 donn\u00e9es financi\u00e8res : dans le cadre du paiement des produits et prestations propos\u00e9s sur la Plateforme, celle- ci enregistre des donn\u00e9es financi\u00e8res relatives \u00e0 la carte de cr\u00e9dit de l\u2019utilisateur.<\/b><\/p>\n<p><b>\u00a0<\/b><\/p>\n<p><b>Les sites sans cr\u00e9ation de compte sont exempt\u00e9s de d\u00e9claration \u00e0 la Commission Nationale Informatique et Libert\u00e9s (CNIL) dans la mesure o\u00f9 il ne collecte aucune donn\u00e9e concernant les utilisateurs.<\/b><\/p>\n<p><b>\u00a0<\/b><\/p>\n<p><b>ARTICLE 6 : Cookies<\/b><\/p>\n<p><b>L\u2019Utilisateur est inform\u00e9 que lors de ses visites sur le site, un cookie peut s\u2019installer automatiquement sur son logiciel de navigation. En naviguant sur le site, il les accepte.<\/b><\/p>\n<p><b>Un cookie est un \u00e9l\u00e9ment qui ne permet pas d\u2019identifier l\u2019utilisateur mais sert \u00e0 enregistrer des informations relatives \u00e0 la navigation de celui-ci sur le site Internet. L\u2019Utilisateur pourra d\u00e9sactiver ce cookie par l\u2019interm\u00e9diaire des param\u00e8tres figurant au sein de son logiciel de navigation.<\/b><\/p>\n<p><b>\u00a0<\/b><\/p>\n<p><b>ARTICLE 7 : Propri\u00e9t\u00e9 intellectuelle<\/b><\/p>\n<p><b>Toute utilisation, reproduction, diffusion, commercialisation, modification de toute ou partie du site https:\/\/www.ecuriedelaunac.com, sans autorisation de l\u2019\u00e9diteur est prohib\u00e9e et pourra entra\u00eener des actions et poursuites judiciaires telles que notamment pr\u00e9vues par le Code de la propri\u00e9t\u00e9 intellectuelle et le Code civil.<\/b><\/p>\n<p><b>\u00a0<\/b><\/p>\n<p><b>ARTICLE 8 : Responsabilit\u00e9<\/b><\/p>\n<p><b>Les sources des informations diffus\u00e9es sur le site https:\/\/www.ecuriedelaunac.com sont r\u00e9put\u00e9es fiables mais le site ne garantit pas qu\u2019il soit exempt de d\u00e9fauts, d\u2019erreurs ou d\u2019omissions.<\/b><\/p>\n<p><b>Les informations communiqu\u00e9es sont pr\u00e9sent\u00e9es \u00e0 titre indicatif et g\u00e9n\u00e9ral sans valeur contractuelle. Malgr\u00e9 des mises \u00e0 jour r\u00e9guli\u00e8res, le site https:\/\/www.ecuriedelaunac.com ne peut \u00eatre tenu responsable de la modification des dispositions administratives et juridiques survenant apr\u00e8s la publication. De m\u00eame, le site ne peut \u00eatre tenu responsable de l\u2019utilisation et de l\u2019interpr\u00e9tation de l\u2019information contenue dans ce site.<\/b><\/p>\n<p><b>Le site https:\/\/www.ecuriedelaunac.com ne peut \u00eatre tenu pour responsable d\u2019\u00e9ventuels virus qui pourraient infecter l\u2019ordinateur ou tout mat\u00e9riel informatique de l\u2019Internaute, suite \u00e0 une utilisation, \u00e0 l\u2019acc\u00e8s, ou au t\u00e9l\u00e9chargement provenant de ce site.<\/b><\/p>\n<p><b>La responsabilit\u00e9 du site ne peut \u00eatre engag\u00e9e en cas de force majeure ou du fait impr\u00e9visible et insurmontable d\u2019un tiers.<\/b><\/p>\n<p><b>\u00a0<\/b><\/p>\n<p><b>ARTICLE 9 : Liens hypertextes<\/b><\/p>\n<p><b>Des liens hypertextes peuvent \u00eatre pr\u00e9sents sur le site. L\u2019utilisateur est inform\u00e9 qu\u2019en cliquant sur ces liens, il sortira du site https:\/\/www.ecuriedelaunac.com. Ce dernier n\u2019a pas de contr\u00f4le sur les pages web sur lesquelles aboutissent ces liens et ne saurait, en aucun cas, \u00eatre responsable de leur contenu.<\/b><\/p>\n<p><b>\u00a0<\/b><\/p>\n<p><b>ARTICLE 10 : Publication par l\u2019Utilisateur<\/b><\/p>\n<p><b>Le site permet aux membres de publier les contenus suivants : Mise \u00e0 jour des tarifs et des informations.<\/b><\/p>\n<p><b>Dans ses publications, le membre s\u2019engage \u00e0 respecter les r\u00e8gles de la Netiquette (r\u00e8gles de bonne conduite de l\u2019internet) et les r\u00e8gles de droit en vigueur.<\/b><\/p>\n<p><b>Le site peut exercer une mod\u00e9ration sur les publications et se r\u00e9serve le droit de refuser leur mise en ligne, sans avoir \u00e0 s\u2019en justifier aupr\u00e8s du membre.<\/b><\/p>\n<p><b>Le membre reste titulaire de l\u2019int\u00e9gralit\u00e9 de ses droits de propri\u00e9t\u00e9 intellectuelle. Mais en publiant une publication sur le site, il c\u00e8de \u00e0 la soci\u00e9t\u00e9 \u00e9ditrice le droit non exclusif et gratuit de repr\u00e9senter, reproduire, adapter, modifier, diffuser et distribuer sa publication, directement ou par un tiers autoris\u00e9, dans le monde entier, sur tout support (num\u00e9rique ou physique), pour la dur\u00e9e de la propri\u00e9t\u00e9 intellectuelle. Le Membre c\u00e8de notamment le droit d\u2019utiliser sa publication sur internet et sur les r\u00e9seaux de t\u00e9l\u00e9phonie mobile. La soci\u00e9t\u00e9 \u00e9ditrice s\u2019engage \u00e0 faire figurer le nom du membre \u00e0 proximit\u00e9 de chaque utilisation de sa publication.<\/b><\/p>\n<p><b>Tout contenu mis en ligne par l\u2019utilisateur est de sa seule responsabilit\u00e9. L\u2019utilisateur s\u2019engage \u00e0 ne pas mettre en ligne de contenus pouvant porter atteinte aux int\u00e9r\u00eats de tierces personnes. Tout recours en justice engag\u00e9 par un tiers l\u00e9s\u00e9 contre le site sera pris en charge par l\u2019Utilisateur.<\/b><\/p>\n<p><b>Le contenu de l\u2019Utilisateur peut \u00eatre \u00e0 tout moment et pour n\u2019importe quelle raison supprim\u00e9 ou modifi\u00e9 par le site, sans pr\u00e9avis.<\/b><\/p>\n<p><b>\u00a0<\/b><\/p>\n<p><b>ARTICLE 11 : Droit applicable et juridiction comp\u00e9tente<\/b><\/p>\n<p><b>La l\u00e9gislation fran\u00e7aise s\u2019applique au pr\u00e9sent contrat. En cas d\u2019absence de r\u00e9solution amiable d\u2019un litige n\u00e9 entre les parties, les tribunaux fran\u00e7ais seront seuls comp\u00e9tents pour en conna\u00eetre.<\/b><\/p>\n<p><b>Pour toute question relative \u00e0 l\u2019application des pr\u00e9sentes CGU, vous pouvez joindre l\u2019\u00e9diteur aux coordonn\u00e9es inscrites \u00e0 l\u2019ARTICLE 1.<\/b><\/p>\n<p><b>\u00a0<\/b><\/p>\n<p><b>ARTICLE 12 : Contactez-nous\u00a0<\/b><\/p>\n<p><b>Pour toute question, information sur les produits pr\u00e9sent\u00e9s sur le site, ou concernant le site lui-m\u00eame, vous pouvez laisser un message \u00e0 l\u2019adresse suivante : laetitiaassieconsult@gmail.com<\/b><\/p>\n<p><br style=\"font-weight: 400;\" \/><br style=\"font-weight: 400;\" \/><\/p>\n<p>[\/et_pb_text][\/et_pb_column][\/et_pb_row][\/et_pb_section]<\/p>\n","protected":false},"excerpt":{"rendered":"<p>Mentions L\u00e9gales et Politique de confidentialit\u00e9 \u00a0 Conform\u00e9ment aux dispositions des Articles 6-III et 19 de la Loi n\u00b02004-575 du 21 juin 2004 pour la Confiance dans l\u2019\u00e9conomie num\u00e9rique, dite L.C.E.N. Il est port\u00e9 \u00e0 la connaissance des Utilisateurs du site https:\/\/www.ecuriedelaunac.com les pr\u00e9sentes mentions l\u00e9gales. La connexion et la navigation sur le site https:\/\/www.ecuriedelaunac.com\u00a0 [&hellip;]<\/p>\n","protected":false},"author":2,"featured_media":0,"parent":0,"menu_order":0,"comment_status":"closed","ping_status":"closed","template":"","meta":{"_et_pb_use_builder":"on","_et_pb_old_content":"","_et_gb_content_width":"","footnotes":""},"class_list":["post-180","page","type-page","status-publish","hentry"],"_links":{"self":[{"href":"https:\/\/ecuriedelaunac.com\/index.php\/wp-json\/wp\/v2\/pages\/180","targetHints":{"allow":["GET"]}}],"collection":[{"href":"https:\/\/ecuriedelaunac.com\/index.php\/wp-json\/wp\/v2\/pages"}],"about":[{"href":"https:\/\/ecuriedelaunac.com\/index.php\/wp-json\/wp\/v2\/types\/page"}],"author":[{"embeddable":true,"href":"https:\/\/ecuriedelaunac.com\/index.php\/wp-json\/wp\/v2\/users\/2"}],"replies":[{"embeddable":true,"href":"https:\/\/ecuriedelaunac.com\/index.php\/wp-json\/wp\/v2\/comments?post=180"}],"version-history":[{"count":1,"href":"https:\/\/ecuriedelaunac.com\/index.php\/wp-json\/wp\/v2\/pages\/180\/revisions"}],"predecessor-version":[{"id":361,"href":"https:\/\/ecuriedelaunac.com\/index.php\/wp-json\/wp\/v2\/pages\/180\/revisions\/361"}],"wp:attachment":[{"href":"https:\/\/ecuriedelaunac.com\/index.php\/wp-json\/wp\/v2\/media?parent=180"}],"curies":[{"name":"wp","href":"https:\/\/api.w.org\/{rel}","templated":true}]}}