{"id":161,"date":"2024-10-28T15:21:43","date_gmt":"2024-10-28T14:21:43","guid":{"rendered":"https:\/\/ecuriedelaunac.com\/?page_id=161"},"modified":"2024-11-14T14:51:21","modified_gmt":"2024-11-14T13:51:21","slug":"balades","status":"publish","type":"page","link":"https:\/\/ecuriedelaunac.com\/index.php\/balades\/","title":{"rendered":"Balades"},"content":{"rendered":"<p>[et_pb_section fb_built=\u00a0\u00bb1&Prime; admin_label=\u00a0\u00bbHeader\u00a0\u00bb _builder_version=\u00a0\u00bb4.21.0&Prime; _module_preset=\u00a0\u00bbdefault\u00a0\u00bb background_enable_color=\u00a0\u00bboff\u00a0\u00bb custom_padding=\u00a0\u00bb||0px||false|false\u00a0\u00bb locked=\u00a0\u00bboff\u00a0\u00bb collapsed=\u00a0\u00bbon\u00a0\u00bb global_colors_info=\u00a0\u00bb{}\u00a0\u00bb][et_pb_row _builder_version=\u00a0\u00bb4.21.0&Prime; _module_preset=\u00a0\u00bbdefault\u00a0\u00bb max_width=\u00a0\u00bb800px\u00a0\u00bb global_colors_info=\u00a0\u00bb{}\u00a0\u00bb][et_pb_column type=\u00a0\u00bb4_4&Prime; _builder_version=\u00a0\u00bb4.21.0&Prime; _module_preset=\u00a0\u00bbdefault\u00a0\u00bb global_colors_info=\u00a0\u00bb{}\u00a0\u00bb][et_pb_text _builder_version=\u00a0\u00bb4.27.2&Prime; _module_preset=\u00a0\u00bbf36d7ea4-126d-486e-9c31-b8f74d4695da\u00a0\u00bb text_orientation=\u00a0\u00bbcenter\u00a0\u00bb locked=\u00a0\u00bboff\u00a0\u00bb global_colors_info=\u00a0\u00bb{}\u00a0\u00bb]<\/p>\n<h1>\u00c9curie de Launac<\/h1>\n<p>[\/et_pb_text][et_pb_text _builder_version=\u00a0\u00bb4.27.3&Prime; _module_preset=\u00a0\u00bb766825bf-d301-403e-9e3d-79148ae38ec8&Prime; text_orientation=\u00a0\u00bbcenter\u00a0\u00bb custom_margin=\u00a0\u00bb||30px||false|false\u00a0\u00bb hover_enabled=\u00a0\u00bb0&Prime; locked=\u00a0\u00bboff\u00a0\u00bb global_colors_info=\u00a0\u00bb{}\u00a0\u00bb sticky_enabled=\u00a0\u00bb0&Prime;]<\/p>\n<h4>\u00c9cole d&rsquo;\u00e9quitation | Balades \u00e0 cheval et poney<\/h4>\n<p>[\/et_pb_text][\/et_pb_column][\/et_pb_row][et_pb_row _builder_version=\u00a0\u00bb4.21.0&Prime; _module_preset=\u00a0\u00bbdefault\u00a0\u00bb global_colors_info=\u00a0\u00bb{}\u00a0\u00bb][et_pb_column type=\u00a0\u00bb4_4&Prime; _builder_version=\u00a0\u00bb4.21.0&Prime; _module_preset=\u00a0\u00bbdefault\u00a0\u00bb global_colors_info=\u00a0\u00bb{}\u00a0\u00bb][et_pb_image src=\u00a0\u00bbhttps:\/\/ecuriedelaunac.com\/wp-content\/uploads\/2024\/10\/balade-plage.jpg\u00a0\u00bb title_text=\u00a0\u00bbbalade-plage\u00a0\u00bb _builder_version=\u00a0\u00bb4.27.3&Prime; _module_preset=\u00a0\u00bbdefault\u00a0\u00bb hover_enabled=\u00a0\u00bb0&Prime; global_colors_info=\u00a0\u00bb{}\u00a0\u00bb alt=\u00a0\u00bbbalades \u00e0 cheval \u00e0 la plage avec l&rsquo;\u00e9curie de Launac\u00a0\u00bb sticky_enabled=\u00a0\u00bb0&Prime;][\/et_pb_image][\/et_pb_column][\/et_pb_row][\/et_pb_section][et_pb_section fb_built=\u00a0\u00bb1&Prime; admin_label=\u00a0\u00bbCourse Overview\u00a0\u00bb _builder_version=\u00a0\u00bb4.21.0&Prime; _module_preset=\u00a0\u00bbdefault\u00a0\u00bb background_enable_color=\u00a0\u00bboff\u00a0\u00bb locked=\u00a0\u00bboff\u00a0\u00bb collapsed=\u00a0\u00bbon\u00a0\u00bb global_colors_info=\u00a0\u00bb{}\u00a0\u00bb][et_pb_row column_structure=\u00a0\u00bb2_3,1_3&Prime; _builder_version=\u00a0\u00bb4.21.0&Prime; _module_preset=\u00a0\u00bbdefault\u00a0\u00bb global_colors_info=\u00a0\u00bb{}\u00a0\u00bb][et_pb_column type=\u00a0\u00bb2_3&Prime; _builder_version=\u00a0\u00bb4.21.0&Prime; _module_preset=\u00a0\u00bbdefault\u00a0\u00bb global_colors_info=\u00a0\u00bb{}\u00a0\u00bb][et_pb_text _builder_version=\u00a0\u00bb4.27.2&Prime; _module_preset=\u00a0\u00bb067f04cd-68fa-478d-9de0-6a91b72fbefc\u00a0\u00bb custom_margin=\u00a0\u00bb||10px||false|false\u00a0\u00bb locked=\u00a0\u00bboff\u00a0\u00bb global_colors_info=\u00a0\u00bb{}\u00a0\u00bb]<\/p>\n<h3>Des balades \u00e9questres pour toutes les envies et tous les niveaux !\u00a0<\/h3>\n<p>[\/et_pb_text][et_pb_text _builder_version=\u00a0\u00bb4.27.2&Prime; _module_preset=\u00a0\u00bb0a28a846-c711-4cef-89ab-18ca58fd8575&Prime; custom_margin=\u00a0\u00bb||0px||false|false\u00a0\u00bb locked=\u00a0\u00bboff\u00a0\u00bb global_colors_info=\u00a0\u00bb{}\u00a0\u00bb]<\/p>\n<ul>\n<li><strong>Balade \u00e0 poney &#8211; 30 minutes \/ 10\u20ac<\/strong><\/li>\n<\/ul>\n<p><span>Venez partager un moment privil\u00e9gi\u00e9 avec vos enfants, de 3 \u00e0 8 ans.<br \/>Du lundi au samedi sur rendez-vous, 30 minutes au coeur du vignoble.<\/span><\/p>\n<ul>\n<li><span><strong>Balade \u00e0 cheval 1h00 \/ 22\u20ac<\/strong><i><\/i><\/span><\/li>\n<\/ul>\n<p><span>Une excursion ouverte aux d\u00e9butants et aux enfants, d\u00e8s 9 ans. <br \/>Toute l\u2019ann\u00e9e, du lundi au samedi sur rendez-vous. Au coeur du vignoble et sous la pin\u00e8de.<\/span><\/p>\n<ul>\n<li><span><strong>Balade \u00e0 cheval 2h00 \/ 40\u20ac<\/strong><i><\/i><\/span><\/li>\n<\/ul>\n<p><span>L\u2019occasion de d\u00e9couvrir le Massif de la Gardiole et ses somptueux paysages de Garrigue et pin\u00e8de. <br \/>Toute l\u2019ann\u00e9e, du lundi au samedi sur rendez-vous.<\/span><\/p>\n<ul>\n<li><strong>Randonn\u00e9e 2 jours ou plus<\/strong><\/li>\n<\/ul>\n<p><span>Avis aux amoureux de la nature ! Venez \u00e0 la d\u00e9couverte des paysages multiples de notre r\u00e9gion.<\/span><\/p>\n<p>[\/et_pb_text][\/et_pb_column][et_pb_column type=\u00a0\u00bb1_3&Prime; _builder_version=\u00a0\u00bb4.21.0&Prime; _module_preset=\u00a0\u00bbdefault\u00a0\u00bb background_color=\u00a0\u00bbgcid-e787f6e4-87be-4325-83ae-4380ef468485&Prime; custom_padding=\u00a0\u00bb40px|40px|40px|40px|true|true\u00a0\u00bb custom_padding_tablet=\u00a0\u00bb30px|30px|30px|30px|true|true\u00a0\u00bb custom_padding_phone=\u00a0\u00bb20px|20px|20px|20px|true|true\u00a0\u00bb custom_padding_last_edited=\u00a0\u00bbon|phone\u00a0\u00bb global_colors_info=\u00a0\u00bb{%22gcid-e787f6e4-87be-4325-83ae-4380ef468485%22:%91%22background_color%22%93}\u00a0\u00bb][et_pb_text _builder_version=\u00a0\u00bb4.27.2&Prime; _module_preset=\u00a0\u00bb842c91df-283f-44bf-a57d-7c3b658b27cd\u00a0\u00bb custom_margin=\u00a0\u00bb||0px||false|false\u00a0\u00bb locked=\u00a0\u00bboff\u00a0\u00bb global_colors_info=\u00a0\u00bb{}\u00a0\u00bb]<\/p>\n<h4>Objectifs de l&rsquo;\u00e9quipe p\u00e9dagogique<\/h4>\n<p>[\/et_pb_text][et_pb_text _builder_version=\u00a0\u00bb4.27.2&Prime; _module_preset=\u00a0\u00bb0a28a846-c711-4cef-89ab-18ca58fd8575&Prime; custom_margin=\u00a0\u00bb||0px||false|false\u00a0\u00bb locked=\u00a0\u00bboff\u00a0\u00bb global_colors_info=\u00a0\u00bb{}\u00a0\u00bb]<\/p>\n<ul>\n<li>Travailler dans le <b>respect<\/b> de soi, des autres et des chevaux.<\/li>\n<li>D\u00e9velopper son <b>autonomie<\/b> dans la pratique \u00e9questre, devenir <b>responsable<\/b> de sa monture.<\/li>\n<li>Ma\u00eetriser ses <b>\u00e9motions<\/b>, favoriser la <b>concentration<\/b>, la <b>volont\u00e9<\/b>, la <b>patience<\/b>, la <b>rigueur.<\/b><\/li>\n<li>Devenir <b>partenaire<\/b> du cheval.<\/li>\n<\/ul>\n<p>[\/et_pb_text][\/et_pb_column][\/et_pb_row][et_pb_row _builder_version=\u00a0\u00bb4.27.3&Prime; _module_preset=\u00a0\u00bbdefault\u00a0\u00bb global_colors_info=\u00a0\u00bb{}\u00a0\u00bb][et_pb_column type=\u00a0\u00bb4_4&Prime; _builder_version=\u00a0\u00bb4.27.3&Prime; _module_preset=\u00a0\u00bbdefault\u00a0\u00bb global_colors_info=\u00a0\u00bb{}\u00a0\u00bb][et_pb_text _builder_version=\u00a0\u00bb4.27.3&Prime; _module_preset=\u00a0\u00bbdefault\u00a0\u00bb global_colors_info=\u00a0\u00bb{}\u00a0\u00bb]<\/p>\n<p><strong>L\u2019\u00c9curie de Launac est un centre \u00e9questre situ\u00e9 \u00e0 Fabr\u00e8gues, \u00e0 quelques kilom\u00e8tres de Montpellier, qui offre un cadre idyllique pour les amoureux des chevaux et de la nature.<\/strong> Que vous soyez d\u00e9butant ou cavalier confirm\u00e9, l&rsquo;\u00c9curie de Launac vous invite \u00e0 d\u00e9couvrir ou red\u00e9couvrir le plaisir de l&rsquo;\u00e9quitation \u00e0 travers des balades \u00e9questres adapt\u00e9es \u00e0 tous les niveaux.<\/p>\n<p>Le centre \u00e9questre b\u00e9n\u00e9ficie d\u2019un environnement exceptionnel, avec des sentiers pittoresques et <strong>des paysages vari\u00e9s entre garrigue, vignes et collines<\/strong>. Ces balades sont l&rsquo;occasion id\u00e9ale pour s&rsquo;\u00e9vader, se reconnecter avec la nature et profiter d&rsquo;un moment de d\u00e9tente \u00e0 cheval, tout en \u00e9tant guid\u00e9 par des moniteurs exp\u00e9riment\u00e9s et passionn\u00e9s.<\/p>\n<p><strong>Pour les d\u00e9butants, l\u2019\u00e9quipe de l\u2019\u00c9curie de Launac vous accompagne avec bienveillance et p\u00e9dagogie. Vous serez initi\u00e9 \u00e0 la pratique du cheval dans des conditions de s\u00e9curit\u00e9 optimales.<\/strong> Les moniteurs prennent le temps de vous expliquer les bases de l\u2019\u00e9quitation, vous permettant ainsi de prendre confiance et de progresser \u00e0 votre rythme. Chaque balade est l\u2019occasion d\u2019apprendre, tout en appr\u00e9ciant la beaut\u00e9 des paysages environnants.<\/p>\n<p><strong>Pour les cavaliers confirm\u00e9s, l\u2019\u00c9curie de Launac propose des sorties plus techniques, permettant de travailler le galop, le trot et m\u00eame de partir en randonn\u00e9e plus longue.<\/strong> Le centre \u00e9questre est id\u00e9alement situ\u00e9 pour offrir des circuits vari\u00e9s, qui combineront d\u00e9tente et challenge pour les cavaliers les plus exp\u00e9riment\u00e9s. Vous pourrez explorer des itin\u00e9raires o\u00f9 la nature pr\u00e9serv\u00e9e se d\u00e9voile \u00e0 chaque virage, en traversant des for\u00eats, des champs et des paysages typiques de la r\u00e9gion m\u00e9diterran\u00e9enne.<\/p>\n<p>Les balades sont con\u00e7ues pour \u00eatre accessibles \u00e0 tous, avec des chevaux adapt\u00e9s \u00e0 chaque niveau de pratique. Vous serez guid\u00e9 par des professionnels qui veilleront \u00e0 votre confort et \u00e0 votre s\u00e9curit\u00e9 tout au long de la sortie, que vous soyez seul, en famille ou entre amis. Ces balades sont \u00e9galement une belle opportunit\u00e9 de d\u00e9couvrir la r\u00e9gion sous un autre angle, en vous permettant de vous immerger dans la beaut\u00e9 des paysages du sud de la France.<\/p>\n<p>L\u2019\u00c9curie de Launac est le lieu id\u00e9al pour ceux qui souhaitent combiner plaisir, nature et sport, tout en \u00e9voluant \u00e0 leur rythme. Alors, n\u2019h\u00e9sitez plus, et laissez-vous tenter par une exp\u00e9rience unique \u00e0 cheval, au c\u0153ur de la r\u00e9gion de Montpellier.<\/p>\n<p>[\/et_pb_text][\/et_pb_column][\/et_pb_row][\/et_pb_section][et_pb_section fb_built=\u00a0\u00bb1&Prime; admin_label=\u00a0\u00bbCall to Action\u00a0\u00bb _builder_version=\u00a0\u00bb4.21.0&Prime; _module_preset=\u00a0\u00bbdefault\u00a0\u00bb background_color=\u00a0\u00bbgcid-e787f6e4-87be-4325-83ae-4380ef468485&Prime; locked=\u00a0\u00bboff\u00a0\u00bb collapsed=\u00a0\u00bbon\u00a0\u00bb global_colors_info=\u00a0\u00bb{%22gcid-e787f6e4-87be-4325-83ae-4380ef468485%22:%91%22background_color%22%93}\u00a0\u00bb][et_pb_row _builder_version=\u00a0\u00bb4.21.0&Prime; _module_preset=\u00a0\u00bbdefault\u00a0\u00bb max_width=\u00a0\u00bb900px\u00a0\u00bb global_colors_info=\u00a0\u00bb{}\u00a0\u00bb][et_pb_column type=\u00a0\u00bb4_4&Prime; _builder_version=\u00a0\u00bb4.21.0&Prime; _module_preset=\u00a0\u00bbdefault\u00a0\u00bb global_colors_info=\u00a0\u00bb{}\u00a0\u00bb][et_pb_text _builder_version=\u00a0\u00bb4.27.2&Prime; _module_preset=\u00a0\u00bb067f04cd-68fa-478d-9de0-6a91b72fbefc\u00a0\u00bb text_orientation=\u00a0\u00bbcenter\u00a0\u00bb locked=\u00a0\u00bboff\u00a0\u00bb global_colors_info=\u00a0\u00bb{}\u00a0\u00bb]<\/p>\n<h3>Si vous avez la moindre question, <br \/>merci de nous contacter au 06 65 19 92 61<\/h3>\n<p>[\/et_pb_text][et_pb_button button_url=\u00a0\u00bb@ET-DC@eyJkeW5hbWljIjp0cnVlLCJjb250ZW50IjoicG9zdF9saW5rX3VybF9wYWdlIiwic2V0dGluZ3MiOnsicG9zdF9pZCI6Ijg1In19@\u00a0\u00bb button_text=\u00a0\u00bbD\u00e9couvrir le poney club\u00a0\u00bb button_alignment=\u00a0\u00bbcenter\u00a0\u00bb _builder_version=\u00a0\u00bb4.27.2&Prime; _dynamic_attributes=\u00a0\u00bbbutton_url\u00a0\u00bb _module_preset=\u00a0\u00bb524ac4e3-4000-43d0-b918-fe46d539cd1b\u00a0\u00bb locked=\u00a0\u00bboff\u00a0\u00bb global_colors_info=\u00a0\u00bb{}\u00a0\u00bb][\/et_pb_button][\/et_pb_column][\/et_pb_row][\/et_pb_section][et_pb_section fb_built=\u00a0\u00bb1&Prime; admin_label=\u00a0\u00bbFooter\u00a0\u00bb _builder_version=\u00a0\u00bb4.21.0&Prime; _module_preset=\u00a0\u00bbdefault\u00a0\u00bb use_background_color_gradient=\u00a0\u00bbon\u00a0\u00bb background_color_gradient_stops=\u00a0\u00bbgcid-9735c811-14cd-4d63-8358-8506147896d3 30%|rgba(52,33,7,0.85) 100%\u00a0\u00bb background_color_gradient_overlays_image=\u00a0\u00bbon\u00a0\u00bb background_image=\u00a0\u00bbhttps:\/\/ecuriedelaunac.com\/wp-content\/uploads\/2024\/10\/horse-riding-8.jpg\u00a0\u00bb custom_padding=\u00a0\u00bb||0px||false|false\u00a0\u00bb saved_tabs=\u00a0\u00bball\u00a0\u00bb locked=\u00a0\u00bboff\u00a0\u00bb collapsed=\u00a0\u00bbon\u00a0\u00bb global_colors_info=\u00a0\u00bb{%22gcid-9735c811-14cd-4d63-8358-8506147896d3%22:%91%22background_color_gradient_stops%22%93}\u00a0\u00bb][et_pb_row column_structure=\u00a0\u00bb1_3,1_3,1_3&Prime; _builder_version=\u00a0\u00bb4.27.2&Prime; _module_preset=\u00a0\u00bbdefault\u00a0\u00bb custom_margin=\u00a0\u00bb||60px||false|false\u00a0\u00bb global_colors_info=\u00a0\u00bb{}\u00a0\u00bb][et_pb_column type=\u00a0\u00bb1_3&Prime; _builder_version=\u00a0\u00bb4.21.0&Prime; _module_preset=\u00a0\u00bbdefault\u00a0\u00bb global_colors_info=\u00a0\u00bb{}\u00a0\u00bb][et_pb_text _builder_version=\u00a0\u00bb4.21.0&Prime; _module_preset=\u00a0\u00bb0851f248-7d1f-4f1b-8a7e-a614ed85a154&Prime; header_6_text_color=\u00a0\u00bb#B5A289&Prime; locked=\u00a0\u00bboff\u00a0\u00bb global_colors_info=\u00a0\u00bb{}\u00a0\u00bb]<\/p>\n<h6>Contact<\/h6>\n<p>[\/et_pb_text][et_pb_text _builder_version=\u00a0\u00bb4.27.2&Prime; _module_preset=\u00a0\u00bb4c4d776c-a14f-42f9-8b4b-66dcd9ffbd8b\u00a0\u00bb text_text_color=\u00a0\u00bb#FFFFFF\u00a0\u00bb text_font_size=\u00a0\u00bb14px\u00a0\u00bb link_text_color=\u00a0\u00bb#FFFFFF\u00a0\u00bb width=\u00a0\u00bb100%\u00a0\u00bb max_width=\u00a0\u00bb100%\u00a0\u00bb custom_margin=\u00a0\u00bb||0px||false|false\u00a0\u00bb locked=\u00a0\u00bboff\u00a0\u00bb global_colors_info=\u00a0\u00bb{}\u00a0\u00bb]<\/p>\n<p><a href=\"mailto:laetitiaassieconsult@gmail.com\">laetitiaassieconsult@gmail.com<\/a><\/p>\n<p>[\/et_pb_text][et_pb_text _builder_version=\u00a0\u00bb4.27.2&Prime; _module_preset=\u00a0\u00bbd3186ea1-8992-4957-a930-deb868fb3220&Prime; link_text_color=\u00a0\u00bb#FFFFFF\u00a0\u00bb header_4_text_color=\u00a0\u00bb#FFFFFF\u00a0\u00bb locked=\u00a0\u00bboff\u00a0\u00bb global_colors_info=\u00a0\u00bb{}\u00a0\u00bb]<\/p>\n<h4><a href=\"tel:0665199261\"><span aria-label=\"Appeler le 06 65 19 92 61\">06 65 19 92 61<\/span><\/a><\/h4>\n<p>[\/et_pb_text][et_pb_text _builder_version=\u00a0\u00bb4.27.2&Prime; _module_preset=\u00a0\u00bb4c4d776c-a14f-42f9-8b4b-66dcd9ffbd8b\u00a0\u00bb text_text_color=\u00a0\u00bb#FFFFFF\u00a0\u00bb link_text_color=\u00a0\u00bb#FFFFFF\u00a0\u00bb locked=\u00a0\u00bboff\u00a0\u00bb global_colors_info=\u00a0\u00bb{}\u00a0\u00bb]<\/p>\n<p><a href=\"https:\/\/www.google.com\/maps\/place\/\/data=!4m2!3m1!1s0x12b14ccbe5aa5f8f:0x591194690a911e6a?sa=X&amp;ved=1t:8290&amp;ictx=111\" data-url=\"\/maps\/place\/\/data=!4m2!3m1!1s0x12b14ccbe5aa5f8f:0x591194690a911e6a?sa=X&amp;ved=2ahUKEwjQtvKUl6eJAxX5APsDHfe0OjkQ4kB6BAgBEAA\" data-sb=\"\/url?sa=t&amp;source=web&amp;rct=j&amp;opi=89978449&amp;url=\/maps\/place\/\/data%3D!4m2!3m1!1s0x12b14ccbe5aa5f8f:0x591194690a911e6a%3Fsa%3DX%26ved%3D1t:8290%26ictx%3D111&amp;ved=2ahUKEwjQtvKUl6eJAxX5APsDHfe0OjkQ4kB6BAhFEAM&amp;usg=AOvVaw3xiPvcdakVyO-RAl7500E1\" tabindex=\"0\" target=\"_blank\" rel=\"noopener\"><span>D613, 34690 Fabr\u00e8gues<\/span><\/a><\/p>\n<p>[\/et_pb_text][\/et_pb_column][et_pb_column type=\u00a0\u00bb1_3&Prime; _builder_version=\u00a0\u00bb4.21.0&Prime; _module_preset=\u00a0\u00bbdefault\u00a0\u00bb global_colors_info=\u00a0\u00bb{}\u00a0\u00bb][et_pb_text _builder_version=\u00a0\u00bb4.27.2&Prime; _module_preset=\u00a0\u00bb0851f248-7d1f-4f1b-8a7e-a614ed85a154&Prime; header_6_text_color=\u00a0\u00bb#B5A289&Prime; locked=\u00a0\u00bboff\u00a0\u00bb global_colors_info=\u00a0\u00bb{}\u00a0\u00bb]<\/p>\n<h6>Horaires<\/h6>\n<p>[\/et_pb_text][et_pb_text _builder_version=\u00a0\u00bb4.27.2&Prime; _module_preset=\u00a0\u00bb4c4d776c-a14f-42f9-8b4b-66dcd9ffbd8b\u00a0\u00bb text_text_color=\u00a0\u00bb#FFFFFF\u00a0\u00bb custom_margin=\u00a0\u00bb||0px||false|false\u00a0\u00bb locked=\u00a0\u00bboff\u00a0\u00bb global_colors_info=\u00a0\u00bb{}\u00a0\u00bb]<\/p>\n<p>Le centre \u00e9questre est ouvert du lundi au samedi.<\/p>\n<p>[\/et_pb_text][et_pb_text _builder_version=\u00a0\u00bb4.27.2&Prime; _module_preset=\u00a0\u00bb4c4d776c-a14f-42f9-8b4b-66dcd9ffbd8b\u00a0\u00bb text_text_color=\u00a0\u00bb#FFFFFF\u00a0\u00bb custom_margin=\u00a0\u00bb||0px||false|false\u00a0\u00bb locked=\u00a0\u00bboff\u00a0\u00bb global_colors_info=\u00a0\u00bb{}\u00a0\u00bb]<\/p>\n<p>8h00 &#8211; 18h00<\/p>\n<p>[\/et_pb_text][et_pb_text _builder_version=\u00a0\u00bb4.27.2&Prime; _module_preset=\u00a0\u00bb4c4d776c-a14f-42f9-8b4b-66dcd9ffbd8b\u00a0\u00bb text_text_color=\u00a0\u00bb#FFFFFF\u00a0\u00bb custom_margin=\u00a0\u00bb||0px||false|false\u00a0\u00bb locked=\u00a0\u00bboff\u00a0\u00bb global_colors_info=\u00a0\u00bb{}\u00a0\u00bb]<\/p>\n<p>Horaires sp\u00e9ciales pour les \u00e9v\u00e8nements, les dimanches, lors des stages (vacances scolaires) et balades.\u00a0<\/p>\n<p>[\/et_pb_text][\/et_pb_column][et_pb_column type=\u00a0\u00bb1_3&Prime; _builder_version=\u00a0\u00bb4.21.0&Prime; _module_preset=\u00a0\u00bbdefault\u00a0\u00bb global_colors_info=\u00a0\u00bb{}\u00a0\u00bb][et_pb_text _builder_version=\u00a0\u00bb4.27.2&Prime; _module_preset=\u00a0\u00bb0851f248-7d1f-4f1b-8a7e-a614ed85a154&Prime; header_6_text_color=\u00a0\u00bb#B5A289&Prime; locked=\u00a0\u00bboff\u00a0\u00bb global_colors_info=\u00a0\u00bb{}\u00a0\u00bb]<\/p>\n<h6>Nous suivre<\/h6>\n<p>[\/et_pb_text][et_pb_social_media_follow _builder_version=\u00a0\u00bb4.27.2&Prime; _module_preset=\u00a0\u00bbdefault\u00a0\u00bb global_colors_info=\u00a0\u00bb{}\u00a0\u00bb][et_pb_social_media_follow_network social_network=\u00a0\u00bbfacebook\u00a0\u00bb url=\u00a0\u00bbhttps:\/\/www.facebook.com\/ecuriedelaunac\u00a0\u00bb _builder_version=\u00a0\u00bb4.27.2&Prime; _module_preset=\u00a0\u00bbdefault\u00a0\u00bb background_color=\u00a0\u00bbRGBA(255,255,255,0)\u00a0\u00bb background_enable_color=\u00a0\u00bbon\u00a0\u00bb custom_padding=\u00a0\u00bb4px|4px|4px|4px|true|true\u00a0\u00bb border_radii=\u00a0\u00bbon|100px|100px|100px|100px\u00a0\u00bb border_width_all=\u00a0\u00bb1px\u00a0\u00bb border_color_all=\u00a0\u00bb#FFFFFF\u00a0\u00bb global_colors_info=\u00a0\u00bb{}\u00a0\u00bb follow_button=\u00a0\u00bboff\u00a0\u00bb url_new_window=\u00a0\u00bbon\u00a0\u00bb]facebook[\/et_pb_social_media_follow_network][et_pb_social_media_follow_network social_network=\u00a0\u00bbinstagram\u00a0\u00bb url=\u00a0\u00bbhttps:\/\/www.instagram.com\/ecuriedelaunac\/\u00a0\u00bb _builder_version=\u00a0\u00bb4.27.2&Prime; _module_preset=\u00a0\u00bbdefault\u00a0\u00bb background_color=\u00a0\u00bbRGBA(255,255,255,0)\u00a0\u00bb background_enable_color=\u00a0\u00bbon\u00a0\u00bb custom_padding=\u00a0\u00bb4px|4px|4px|4px|true|true\u00a0\u00bb border_radii=\u00a0\u00bbon|100px|100px|100px|100px\u00a0\u00bb border_width_all=\u00a0\u00bb1px\u00a0\u00bb border_color_all=\u00a0\u00bb#FFFFFF\u00a0\u00bb global_colors_info=\u00a0\u00bb{}\u00a0\u00bb follow_button=\u00a0\u00bboff\u00a0\u00bb url_new_window=\u00a0\u00bbon\u00a0\u00bb]instagram[\/et_pb_social_media_follow_network][\/et_pb_social_media_follow][\/et_pb_column][\/et_pb_row][et_pb_row _builder_version=\u00a0\u00bb4.21.0&Prime; _module_preset=\u00a0\u00bbdefault\u00a0\u00bb width=\u00a0\u00bb100%\u00a0\u00bb max_width=\u00a0\u00bbnone\u00a0\u00bb border_color_all=\u00a0\u00bbrgba(255,255,255,0.12)\u00a0\u00bb border_width_top=\u00a0\u00bb1px\u00a0\u00bb global_colors_info=\u00a0\u00bb{}\u00a0\u00bb][et_pb_column type=\u00a0\u00bb4_4&Prime; _builder_version=\u00a0\u00bb4.21.0&Prime; _module_preset=\u00a0\u00bbdefault\u00a0\u00bb global_colors_info=\u00a0\u00bb{}\u00a0\u00bb][et_pb_text _builder_version=\u00a0\u00bb4.27.2&Prime; _dynamic_attributes=\u00a0\u00bbcontent\u00a0\u00bb _module_preset=\u00a0\u00bb79e96f59-3a75-4d4b-b7ad-71f5890a6424&Prime; text_text_color=\u00a0\u00bbgcid-4a53c4f2-10a4-4df5-aae5-66892dee9e02&Prime; text_font_size=\u00a0\u00bb16px\u00a0\u00bb text_orientation=\u00a0\u00bbcenter\u00a0\u00bb text_font_size_tablet=\u00a0\u00bb15px\u00a0\u00bb text_font_size_phone=\u00a0\u00bb14px\u00a0\u00bb text_font_size_last_edited=\u00a0\u00bbon|desktop\u00a0\u00bb locked=\u00a0\u00bboff\u00a0\u00bb global_colors_info=\u00a0\u00bb{%22gcid-4a53c4f2-10a4-4df5-aae5-66892dee9e02%22:%91%22text_text_color%22%93}\u00a0\u00bb]@ET-DC@eyJkeW5hbWljIjp0cnVlLCJjb250ZW50IjoiY3VycmVudF9kYXRlIiwic2V0dGluZ3MiOnsiYmVmb3JlIjoiQ29weXJpZ2h0ICZjb3B5OyAiLCJhZnRlciI6InwgVG91cyBkcm9pdHMgclx1MDBlOXNlcnZcdTAwZTlzIiwiZGF0ZV9mb3JtYXQiOiJjdXN0b20iLCJjdXN0b21fZGF0ZV9mb3JtYXQiOiJZIn19@[\/et_pb_text][\/et_pb_column][\/et_pb_row][\/et_pb_section]<\/p>\n","protected":false},"excerpt":{"rendered":"<p>\u00c9curie de Launac\u00c9cole d&rsquo;\u00e9quitation | Balades \u00e0 cheval et poneyDes balades \u00e9questres pour toutes les envies et tous les niveaux !\u00a0 Balade \u00e0 poney &#8211; 30 minutes \/ 10\u20ac Venez partager un moment privil\u00e9gi\u00e9 avec vos enfants, de 3 \u00e0 8 ans.Du lundi au samedi sur rendez-vous, 30 minutes au coeur du vignoble. Balade \u00e0 [&hellip;]<\/p>\n","protected":false},"author":2,"featured_media":0,"parent":0,"menu_order":0,"comment_status":"closed","ping_status":"closed","template":"","meta":{"_et_pb_use_builder":"on","_et_pb_old_content":"","_et_gb_content_width":"","footnotes":""},"class_list":["post-161","page","type-page","status-publish","hentry"],"_links":{"self":[{"href":"https:\/\/ecuriedelaunac.com\/index.php\/wp-json\/wp\/v2\/pages\/161","targetHints":{"allow":["GET"]}}],"collection":[{"href":"https:\/\/ecuriedelaunac.com\/index.php\/wp-json\/wp\/v2\/pages"}],"about":[{"href":"https:\/\/ecuriedelaunac.com\/index.php\/wp-json\/wp\/v2\/types\/page"}],"author":[{"embeddable":true,"href":"https:\/\/ecuriedelaunac.com\/index.php\/wp-json\/wp\/v2\/users\/2"}],"replies":[{"embeddable":true,"href":"https:\/\/ecuriedelaunac.com\/index.php\/wp-json\/wp\/v2\/comments?post=161"}],"version-history":[{"count":0,"href":"https:\/\/ecuriedelaunac.com\/index.php\/wp-json\/wp\/v2\/pages\/161\/revisions"}],"wp:attachment":[{"href":"https:\/\/ecuriedelaunac.com\/index.php\/wp-json\/wp\/v2\/media?parent=161"}],"curies":[{"name":"wp","href":"https:\/\/api.w.org\/{rel}","templated":true}]}}