{"id":155,"date":"2024-10-28T15:15:57","date_gmt":"2024-10-28T14:15:57","guid":{"rendered":"https:\/\/ecuriedelaunac.com\/?page_id=155"},"modified":"2024-12-10T11:51:11","modified_gmt":"2024-12-10T10:51:11","slug":"formations-professionnelles","status":"publish","type":"page","link":"https:\/\/ecuriedelaunac.com\/index.php\/formations-professionnelles\/","title":{"rendered":"Formations"},"content":{"rendered":"<p>[et_pb_section fb_built=\u00a0\u00bb1&Prime; admin_label=\u00a0\u00bbHeader\u00a0\u00bb _builder_version=\u00a0\u00bb4.21.0&Prime; _module_preset=\u00a0\u00bbdefault\u00a0\u00bb background_enable_color=\u00a0\u00bboff\u00a0\u00bb custom_padding=\u00a0\u00bb||0px||false|false\u00a0\u00bb locked=\u00a0\u00bboff\u00a0\u00bb collapsed=\u00a0\u00bbon\u00a0\u00bb global_colors_info=\u00a0\u00bb{}\u00a0\u00bb][et_pb_row _builder_version=\u00a0\u00bb4.21.0&Prime; _module_preset=\u00a0\u00bbdefault\u00a0\u00bb max_width=\u00a0\u00bb800px\u00a0\u00bb global_colors_info=\u00a0\u00bb{}\u00a0\u00bb][et_pb_column type=\u00a0\u00bb4_4&Prime; _builder_version=\u00a0\u00bb4.21.0&Prime; _module_preset=\u00a0\u00bbdefault\u00a0\u00bb global_colors_info=\u00a0\u00bb{}\u00a0\u00bb][et_pb_text _builder_version=\u00a0\u00bb4.27.2&Prime; _module_preset=\u00a0\u00bbf36d7ea4-126d-486e-9c31-b8f74d4695da\u00a0\u00bb text_orientation=\u00a0\u00bbcenter\u00a0\u00bb locked=\u00a0\u00bboff\u00a0\u00bb global_colors_info=\u00a0\u00bb{}\u00a0\u00bb]<\/p>\n<h1>\u00c9curie de Launac<\/h1>\n<p>[\/et_pb_text][et_pb_text _builder_version=\u00a0\u00bb4.27.3&Prime; _module_preset=\u00a0\u00bb766825bf-d301-403e-9e3d-79148ae38ec8&Prime; text_orientation=\u00a0\u00bbcenter\u00a0\u00bb custom_margin=\u00a0\u00bb||30px||false|false\u00a0\u00bb locked=\u00a0\u00bboff\u00a0\u00bb global_colors_info=\u00a0\u00bb{}\u00a0\u00bb]<\/p>\n<h4>\u00c9cole d&rsquo;\u00e9quitation | Formations professionnelles<\/h4>\n<p>[\/et_pb_text][\/et_pb_column][\/et_pb_row][et_pb_row _builder_version=\u00a0\u00bb4.21.0&Prime; _module_preset=\u00a0\u00bbdefault\u00a0\u00bb global_colors_info=\u00a0\u00bb{}\u00a0\u00bb][et_pb_column type=\u00a0\u00bb4_4&Prime; _builder_version=\u00a0\u00bb4.21.0&Prime; _module_preset=\u00a0\u00bbdefault\u00a0\u00bb global_colors_info=\u00a0\u00bb{}\u00a0\u00bb][et_pb_image src=\u00a0\u00bbhttps:\/\/ecuriedelaunac.com\/wp-content\/uploads\/2024\/11\/tir-a-larc-cheval.jpg\u00a0\u00bb alt=\u00a0\u00bbformations professionnelles\u00a0\u00bb title_text=\u00a0\u00bbtir-a-larc-cheval\u00a0\u00bb _builder_version=\u00a0\u00bb4.27.3&Prime; _module_preset=\u00a0\u00bbdefault\u00a0\u00bb global_colors_info=\u00a0\u00bb{}\u00a0\u00bb][\/et_pb_image][\/et_pb_column][\/et_pb_row][\/et_pb_section][et_pb_section fb_built=\u00a0\u00bb1&Prime; admin_label=\u00a0\u00bbCourse Overview\u00a0\u00bb _builder_version=\u00a0\u00bb4.21.0&Prime; _module_preset=\u00a0\u00bbdefault\u00a0\u00bb background_enable_color=\u00a0\u00bboff\u00a0\u00bb locked=\u00a0\u00bboff\u00a0\u00bb collapsed=\u00a0\u00bbon\u00a0\u00bb global_colors_info=\u00a0\u00bb{}\u00a0\u00bb][et_pb_row column_structure=\u00a0\u00bb2_3,1_3&Prime; _builder_version=\u00a0\u00bb4.21.0&Prime; _module_preset=\u00a0\u00bbdefault\u00a0\u00bb global_colors_info=\u00a0\u00bb{}\u00a0\u00bb][et_pb_column type=\u00a0\u00bb2_3&Prime; _builder_version=\u00a0\u00bb4.21.0&Prime; _module_preset=\u00a0\u00bbdefault\u00a0\u00bb global_colors_info=\u00a0\u00bb{}\u00a0\u00bb][et_pb_text _builder_version=\u00a0\u00bb4.27.2&Prime; _module_preset=\u00a0\u00bb067f04cd-68fa-478d-9de0-6a91b72fbefc\u00a0\u00bb custom_margin=\u00a0\u00bb||10px||false|false\u00a0\u00bb locked=\u00a0\u00bboff\u00a0\u00bb global_colors_info=\u00a0\u00bb{}\u00a0\u00bb]<\/p>\n<h3>Formations professionnelles \u00e0 l&rsquo;\u00c9curie<\/h3>\n<p>[\/et_pb_text][et_pb_text _builder_version=\u00a0\u00bb4.27.3&Prime; _module_preset=\u00a0\u00bb0a28a846-c711-4cef-89ab-18ca58fd8575&Prime; custom_margin=\u00a0\u00bb||0px||false|false\u00a0\u00bb locked=\u00a0\u00bboff\u00a0\u00bb global_colors_info=\u00a0\u00bb{}\u00a0\u00bb]<\/p>\n<p><strong>L\u2019\u00c9curie de Launac : Un projet de vie aupr\u00e8s des chevaux, profitez de formations professionnelles \u00e0 nos c\u00f4t\u00e9s.\u00a0<\/strong><\/p>\n<p>L\u2019\u00c9curie de Launac est bien plus qu\u2019un simple lieu de travail ou de loisirs \u00e9questres. C\u2019est un v\u00e9ritable centre d\u2019accompagnement pour ceux qui souhaitent faire des chevaux leur passion, leur m\u00e9tier, ou m\u00eame leur projet de vie. Si vous avez toujours r\u00eav\u00e9 de travailler avec ces animaux majestueux, que ce soit en tant que palefrenier-soigneur, moniteur d&rsquo;\u00e9quitation (AE, BPJEPS, DE) ou dans le cadre d\u2019une formation dipl\u00f4mante comme le BPJEPS, l\u2019\u00c9curie de Launac est l\u00e0 pour vous guider et vous former.<\/p>\n<p><strong>Un accompagnement personnalis\u00e9, gr\u00e2ce \u00e0 nos formations, pour chaque passionn\u00e9 de chevaux<\/strong><\/p>\n<p>Chaque ann\u00e9e, l\u2019\u00c9curie de Launac accompagne de nombreux passionn\u00e9s dans leur parcours professionnel, qu\u2019ils soient d\u00e9butants ou d\u00e9j\u00e0 exp\u00e9riment\u00e9s. Notre \u00e9quipe, compos\u00e9e de professionnels qualifi\u00e9s et exp\u00e9riment\u00e9s, met tout en \u0153uvre pour vous aider \u00e0 atteindre vos objectifs et \u00e0 vous perfectionner dans le domaine \u00e9questre. Vous avez un projet pr\u00e9cis en t\u00eate ? Vous souhaitez vous former, vous remettre \u00e0 niveau ou tout simplement acqu\u00e9rir des comp\u00e9tences suppl\u00e9mentaires ? L\u2019\u00c9curie de Launac est l\u00e0 pour vous offrir une formation sur mesure, adapt\u00e9e \u00e0 vos besoins.<\/p>\n<p><strong>Formations professionnelles et pr\u00e9paration aux examens<\/strong><\/p>\n<p>L\u2019une des missions principales de l\u2019\u00c9curie de Launac est de vous pr\u00e9parer efficacement aux tests d\u2019entr\u00e9e pour des formations dipl\u00f4mantes telles que le BPJEPS (Brevet Professionnel de la Jeunesse, de l\u2019\u00c9ducation Populaire et du Sport). Notre \u00e9quipe vous accompagne dans toutes les \u00e9tapes de la pr\u00e9paration, en vous proposant des sessions de remise \u00e0 niveau et des entra\u00eenements pratiques pour vous aider \u00e0 r\u00e9ussir votre entr\u00e9e en formation.<\/p>\n<p>En pr\u00e9parations aux dipl\u00f4mes d&rsquo;\u00c9tat : palefrenier-soigneur, \u00a0AE, BPJEPS, DE; nous avons les ressources n\u00e9cessaires pour vous orienter vers la formation la plus adapt\u00e9e \u00e0 votre projet professionnel. En tant que partenaire de plusieurs centres de formation reconnus, nous vous guiderons dans le choix de l\u2019\u00e9tablissement qui r\u00e9pondra le mieux \u00e0 vos attentes et \u00e0 vos objectifs.<\/p>\n<p><strong>Apprentissage sur le terrain et immersion en milieu professionnel<\/strong><\/p>\n<p>Au-del\u00e0 de la pr\u00e9paration th\u00e9orique, l\u2019\u00c9curie de Launac offre \u00e9galement des possibilit\u00e9s de stage pratiques, essentielles pour acqu\u00e9rir de l\u2019exp\u00e9rience sur le terrain. Nous accueillons chaque ann\u00e9e des stagiaires agricoles dans notre structure, leur permettant de se familiariser avec le quotidien d\u2019un centre \u00e9questre professionnel, tout en travaillant directement avec nos chevaux. Cette immersion compl\u00e8te est une \u00e9tape incontournable pour toute personne souhaitant \u00e9voluer dans le monde \u00e9questre.<\/p>\n<p>En tant qu\u2019\u00e9tablissement engag\u00e9 dans la formation, l\u2019\u00c9curie de Launac permet \u00e0 ses stagiaires de se former en conditions r\u00e9elles, avec des chevaux de diff\u00e9rentes disciplines et de tous niveaux. Vous pourrez ainsi d\u00e9couvrir et ma\u00eetriser les t\u00e2ches vari\u00e9es d\u2019un palefrenier-soigneur, participer aux soins quotidiens des chevaux, \u00e0 la gestion de l&rsquo;\u00e9curie, et suivre les diff\u00e9rentes \u00e9tapes de la pr\u00e9paration des chevaux pour les comp\u00e9titions ou les loisirs.<\/p>\n<p><strong>Un accompagnement \u00e0 chaque \u00e9tape de votre projet<\/strong><\/p>\n<p>L\u2019\u00e9quipe de l\u2019\u00c9curie de Launac est \u00e0 votre disposition pour r\u00e9pondre \u00e0 toutes vos questions, vous orienter et vous accompagner tout au long de votre parcours. Vous souhaitez en savoir plus sur nos formations, nos partenariats avec les centres de formation, ou simplement discuter de votre projet ? Prenez rendez-vous avec nous !<\/p>\n<p>Que vous soyez un jeune passionn\u00e9, un adulte en reconversion professionnelle ou un futur professionnel du secteur \u00e9questre, l\u2019\u00c9curie de Launac est le lieu id\u00e9al pour vous former, progresser et r\u00e9aliser vos ambitions.<\/p>\n<p>[\/et_pb_text][\/et_pb_column][et_pb_column type=\u00a0\u00bb1_3&Prime; _builder_version=\u00a0\u00bb4.21.0&Prime; _module_preset=\u00a0\u00bbdefault\u00a0\u00bb background_color=\u00a0\u00bbgcid-e787f6e4-87be-4325-83ae-4380ef468485&Prime; custom_padding=\u00a0\u00bb40px|40px|40px|40px|true|true\u00a0\u00bb custom_padding_tablet=\u00a0\u00bb30px|30px|30px|30px|true|true\u00a0\u00bb custom_padding_phone=\u00a0\u00bb20px|20px|20px|20px|true|true\u00a0\u00bb custom_padding_last_edited=\u00a0\u00bbon|phone\u00a0\u00bb global_colors_info=\u00a0\u00bb{%22gcid-e787f6e4-87be-4325-83ae-4380ef468485%22:%91%22background_color%22%93}\u00a0\u00bb][et_pb_text _builder_version=\u00a0\u00bb4.27.2&Prime; _module_preset=\u00a0\u00bb842c91df-283f-44bf-a57d-7c3b658b27cd\u00a0\u00bb custom_margin=\u00a0\u00bb||0px||false|false\u00a0\u00bb locked=\u00a0\u00bboff\u00a0\u00bb global_colors_info=\u00a0\u00bb{}\u00a0\u00bb]<\/p>\n<h4>Objectifs de l&rsquo;\u00e9quipe p\u00e9dagogique<\/h4>\n<p>[\/et_pb_text][et_pb_text _builder_version=\u00a0\u00bb4.27.2&Prime; _module_preset=\u00a0\u00bb0a28a846-c711-4cef-89ab-18ca58fd8575&Prime; custom_margin=\u00a0\u00bb||0px||false|false\u00a0\u00bb locked=\u00a0\u00bboff\u00a0\u00bb global_colors_info=\u00a0\u00bb{}\u00a0\u00bb]<\/p>\n<ul>\n<li>Travailler dans le <b>respect<\/b> de soi, des autres et des chevaux.<\/li>\n<li>D\u00e9velopper son <b>autonomie<\/b> dans la pratique \u00e9questre, devenir <b>responsable<\/b> de sa monture.<\/li>\n<li>Ma\u00eetriser ses <b>\u00e9motions<\/b>, favoriser la <b>concentration<\/b>, la <b>volont\u00e9<\/b>, la <b>patience<\/b>, la <b>rigueur.<\/b><\/li>\n<li>Devenir <b>partenaire<\/b> du cheval.<\/li>\n<\/ul>\n<p>[\/et_pb_text][\/et_pb_column][\/et_pb_row][\/et_pb_section][et_pb_section fb_built=\u00a0\u00bb1&Prime; admin_label=\u00a0\u00bbCall to Action\u00a0\u00bb _builder_version=\u00a0\u00bb4.21.0&Prime; _module_preset=\u00a0\u00bbdefault\u00a0\u00bb background_color=\u00a0\u00bbgcid-e787f6e4-87be-4325-83ae-4380ef468485&Prime; locked=\u00a0\u00bboff\u00a0\u00bb collapsed=\u00a0\u00bbon\u00a0\u00bb global_colors_info=\u00a0\u00bb{%22gcid-e787f6e4-87be-4325-83ae-4380ef468485%22:%91%22background_color%22%93}\u00a0\u00bb][et_pb_row _builder_version=\u00a0\u00bb4.21.0&Prime; _module_preset=\u00a0\u00bbdefault\u00a0\u00bb max_width=\u00a0\u00bb900px\u00a0\u00bb global_colors_info=\u00a0\u00bb{}\u00a0\u00bb][et_pb_column type=\u00a0\u00bb4_4&Prime; _builder_version=\u00a0\u00bb4.21.0&Prime; _module_preset=\u00a0\u00bbdefault\u00a0\u00bb global_colors_info=\u00a0\u00bb{}\u00a0\u00bb][et_pb_text _builder_version=\u00a0\u00bb4.27.2&Prime; _module_preset=\u00a0\u00bb067f04cd-68fa-478d-9de0-6a91b72fbefc\u00a0\u00bb text_orientation=\u00a0\u00bbcenter\u00a0\u00bb locked=\u00a0\u00bboff\u00a0\u00bb global_colors_info=\u00a0\u00bb{}\u00a0\u00bb]<\/p>\n<h3>Si vous avez la moindre question, <br \/>merci de nous contacter au 06 65 19 92 61<\/h3>\n<p>[\/et_pb_text][et_pb_button button_url=\u00a0\u00bb@ET-DC@eyJkeW5hbWljIjp0cnVlLCJjb250ZW50IjoicG9zdF9saW5rX3VybF9wYWdlIiwic2V0dGluZ3MiOnsicG9zdF9pZCI6IjE5MCJ9fQ==@\u00a0\u00bb button_text=\u00a0\u00bbContact\u00a0\u00bb button_alignment=\u00a0\u00bbcenter\u00a0\u00bb _builder_version=\u00a0\u00bb4.27.3&Prime; _dynamic_attributes=\u00a0\u00bbbutton_url\u00a0\u00bb _module_preset=\u00a0\u00bb524ac4e3-4000-43d0-b918-fe46d539cd1b\u00a0\u00bb locked=\u00a0\u00bboff\u00a0\u00bb global_colors_info=\u00a0\u00bb{}\u00a0\u00bb][\/et_pb_button][\/et_pb_column][\/et_pb_row][\/et_pb_section][et_pb_section fb_built=\u00a0\u00bb1&Prime; admin_label=\u00a0\u00bbFooter\u00a0\u00bb _builder_version=\u00a0\u00bb4.21.0&Prime; _module_preset=\u00a0\u00bbdefault\u00a0\u00bb use_background_color_gradient=\u00a0\u00bbon\u00a0\u00bb background_color_gradient_stops=\u00a0\u00bbgcid-9735c811-14cd-4d63-8358-8506147896d3 30%|rgba(52,33,7,0.85) 100%\u00a0\u00bb background_color_gradient_overlays_image=\u00a0\u00bbon\u00a0\u00bb background_image=\u00a0\u00bbhttps:\/\/ecuriedelaunac.com\/wp-content\/uploads\/2024\/10\/horse-riding-8.jpg\u00a0\u00bb custom_padding=\u00a0\u00bb||0px||false|false\u00a0\u00bb saved_tabs=\u00a0\u00bball\u00a0\u00bb locked=\u00a0\u00bboff\u00a0\u00bb collapsed=\u00a0\u00bbon\u00a0\u00bb global_colors_info=\u00a0\u00bb{%22gcid-9735c811-14cd-4d63-8358-8506147896d3%22:%91%22background_color_gradient_stops%22%93}\u00a0\u00bb][et_pb_row column_structure=\u00a0\u00bb1_3,1_3,1_3&Prime; _builder_version=\u00a0\u00bb4.27.2&Prime; _module_preset=\u00a0\u00bbdefault\u00a0\u00bb custom_margin=\u00a0\u00bb||60px||false|false\u00a0\u00bb global_colors_info=\u00a0\u00bb{}\u00a0\u00bb][et_pb_column type=\u00a0\u00bb1_3&Prime; _builder_version=\u00a0\u00bb4.21.0&Prime; _module_preset=\u00a0\u00bbdefault\u00a0\u00bb global_colors_info=\u00a0\u00bb{}\u00a0\u00bb][et_pb_text _builder_version=\u00a0\u00bb4.21.0&Prime; _module_preset=\u00a0\u00bb0851f248-7d1f-4f1b-8a7e-a614ed85a154&Prime; header_6_text_color=\u00a0\u00bb#B5A289&Prime; locked=\u00a0\u00bboff\u00a0\u00bb global_colors_info=\u00a0\u00bb{}\u00a0\u00bb]<\/p>\n<h6>Contact<\/h6>\n<p>[\/et_pb_text][et_pb_text _builder_version=\u00a0\u00bb4.27.2&Prime; _module_preset=\u00a0\u00bb4c4d776c-a14f-42f9-8b4b-66dcd9ffbd8b\u00a0\u00bb text_text_color=\u00a0\u00bb#FFFFFF\u00a0\u00bb text_font_size=\u00a0\u00bb14px\u00a0\u00bb link_text_color=\u00a0\u00bb#FFFFFF\u00a0\u00bb width=\u00a0\u00bb100%\u00a0\u00bb max_width=\u00a0\u00bb100%\u00a0\u00bb custom_margin=\u00a0\u00bb||0px||false|false\u00a0\u00bb locked=\u00a0\u00bboff\u00a0\u00bb global_colors_info=\u00a0\u00bb{}\u00a0\u00bb]<\/p>\n<p><a href=\"mailto:laetitiaassieconsult@gmail.com\">laetitiaassieconsult@gmail.com<\/a><\/p>\n<p>[\/et_pb_text][et_pb_text _builder_version=\u00a0\u00bb4.27.2&Prime; _module_preset=\u00a0\u00bbd3186ea1-8992-4957-a930-deb868fb3220&Prime; link_text_color=\u00a0\u00bb#FFFFFF\u00a0\u00bb header_4_text_color=\u00a0\u00bb#FFFFFF\u00a0\u00bb locked=\u00a0\u00bboff\u00a0\u00bb global_colors_info=\u00a0\u00bb{}\u00a0\u00bb]<\/p>\n<h4><a href=\"tel:0665199261\"><span aria-label=\"Appeler le 06 65 19 92 61\">06 65 19 92 61<\/span><\/a><\/h4>\n<p>[\/et_pb_text][et_pb_text _builder_version=\u00a0\u00bb4.27.2&Prime; _module_preset=\u00a0\u00bb4c4d776c-a14f-42f9-8b4b-66dcd9ffbd8b\u00a0\u00bb text_text_color=\u00a0\u00bb#FFFFFF\u00a0\u00bb link_text_color=\u00a0\u00bb#FFFFFF\u00a0\u00bb locked=\u00a0\u00bboff\u00a0\u00bb global_colors_info=\u00a0\u00bb{}\u00a0\u00bb]<\/p>\n<p><a href=\"https:\/\/www.google.com\/maps\/place\/\/data=!4m2!3m1!1s0x12b14ccbe5aa5f8f:0x591194690a911e6a?sa=X&amp;ved=1t:8290&amp;ictx=111\" data-url=\"\/maps\/place\/\/data=!4m2!3m1!1s0x12b14ccbe5aa5f8f:0x591194690a911e6a?sa=X&amp;ved=2ahUKEwjQtvKUl6eJAxX5APsDHfe0OjkQ4kB6BAgBEAA\" data-sb=\"\/url?sa=t&amp;source=web&amp;rct=j&amp;opi=89978449&amp;url=\/maps\/place\/\/data%3D!4m2!3m1!1s0x12b14ccbe5aa5f8f:0x591194690a911e6a%3Fsa%3DX%26ved%3D1t:8290%26ictx%3D111&amp;ved=2ahUKEwjQtvKUl6eJAxX5APsDHfe0OjkQ4kB6BAhFEAM&amp;usg=AOvVaw3xiPvcdakVyO-RAl7500E1\" tabindex=\"0\" target=\"_blank\" rel=\"noopener\"><span>D613, 34690 Fabr\u00e8gues<\/span><\/a><\/p>\n<p>[\/et_pb_text][\/et_pb_column][et_pb_column type=\u00a0\u00bb1_3&Prime; _builder_version=\u00a0\u00bb4.21.0&Prime; _module_preset=\u00a0\u00bbdefault\u00a0\u00bb global_colors_info=\u00a0\u00bb{}\u00a0\u00bb][et_pb_text _builder_version=\u00a0\u00bb4.27.2&Prime; _module_preset=\u00a0\u00bb0851f248-7d1f-4f1b-8a7e-a614ed85a154&Prime; header_6_text_color=\u00a0\u00bb#B5A289&Prime; locked=\u00a0\u00bboff\u00a0\u00bb global_colors_info=\u00a0\u00bb{}\u00a0\u00bb]<\/p>\n<h6>Horaires<\/h6>\n<p>[\/et_pb_text][et_pb_text _builder_version=\u00a0\u00bb4.27.2&Prime; _module_preset=\u00a0\u00bb4c4d776c-a14f-42f9-8b4b-66dcd9ffbd8b\u00a0\u00bb text_text_color=\u00a0\u00bb#FFFFFF\u00a0\u00bb custom_margin=\u00a0\u00bb||0px||false|false\u00a0\u00bb locked=\u00a0\u00bboff\u00a0\u00bb global_colors_info=\u00a0\u00bb{}\u00a0\u00bb]<\/p>\n<p>Le centre \u00e9questre est ouvert du lundi au samedi.<\/p>\n<p>[\/et_pb_text][et_pb_text _builder_version=\u00a0\u00bb4.27.2&Prime; _module_preset=\u00a0\u00bb4c4d776c-a14f-42f9-8b4b-66dcd9ffbd8b\u00a0\u00bb text_text_color=\u00a0\u00bb#FFFFFF\u00a0\u00bb custom_margin=\u00a0\u00bb||0px||false|false\u00a0\u00bb locked=\u00a0\u00bboff\u00a0\u00bb global_colors_info=\u00a0\u00bb{}\u00a0\u00bb]<\/p>\n<p>8h00 &#8211; 18h00<\/p>\n<p>[\/et_pb_text][et_pb_text _builder_version=\u00a0\u00bb4.27.2&Prime; _module_preset=\u00a0\u00bb4c4d776c-a14f-42f9-8b4b-66dcd9ffbd8b\u00a0\u00bb text_text_color=\u00a0\u00bb#FFFFFF\u00a0\u00bb custom_margin=\u00a0\u00bb||0px||false|false\u00a0\u00bb locked=\u00a0\u00bboff\u00a0\u00bb global_colors_info=\u00a0\u00bb{}\u00a0\u00bb]<\/p>\n<p>Horaires sp\u00e9ciales pour les \u00e9v\u00e8nements, les dimanches, lors des stages (vacances scolaires) et balades.\u00a0<\/p>\n<p>[\/et_pb_text][\/et_pb_column][et_pb_column type=\u00a0\u00bb1_3&Prime; _builder_version=\u00a0\u00bb4.21.0&Prime; _module_preset=\u00a0\u00bbdefault\u00a0\u00bb global_colors_info=\u00a0\u00bb{}\u00a0\u00bb][et_pb_text _builder_version=\u00a0\u00bb4.27.2&Prime; _module_preset=\u00a0\u00bb0851f248-7d1f-4f1b-8a7e-a614ed85a154&Prime; header_6_text_color=\u00a0\u00bb#B5A289&Prime; locked=\u00a0\u00bboff\u00a0\u00bb global_colors_info=\u00a0\u00bb{}\u00a0\u00bb]<\/p>\n<h6>Nous suivre<\/h6>\n<p>[\/et_pb_text][et_pb_social_media_follow _builder_version=\u00a0\u00bb4.27.2&Prime; _module_preset=\u00a0\u00bbdefault\u00a0\u00bb global_colors_info=\u00a0\u00bb{}\u00a0\u00bb][et_pb_social_media_follow_network social_network=\u00a0\u00bbfacebook\u00a0\u00bb url=\u00a0\u00bbhttps:\/\/www.facebook.com\/ecuriedelaunac\u00a0\u00bb _builder_version=\u00a0\u00bb4.27.2&Prime; _module_preset=\u00a0\u00bbdefault\u00a0\u00bb background_color=\u00a0\u00bbRGBA(255,255,255,0)\u00a0\u00bb background_enable_color=\u00a0\u00bbon\u00a0\u00bb custom_padding=\u00a0\u00bb4px|4px|4px|4px|true|true\u00a0\u00bb border_radii=\u00a0\u00bbon|100px|100px|100px|100px\u00a0\u00bb border_width_all=\u00a0\u00bb1px\u00a0\u00bb border_color_all=\u00a0\u00bb#FFFFFF\u00a0\u00bb global_colors_info=\u00a0\u00bb{}\u00a0\u00bb follow_button=\u00a0\u00bboff\u00a0\u00bb url_new_window=\u00a0\u00bbon\u00a0\u00bb]facebook[\/et_pb_social_media_follow_network][et_pb_social_media_follow_network social_network=\u00a0\u00bbinstagram\u00a0\u00bb url=\u00a0\u00bbhttps:\/\/www.instagram.com\/ecuriedelaunac\/\u00a0\u00bb _builder_version=\u00a0\u00bb4.27.2&Prime; _module_preset=\u00a0\u00bbdefault\u00a0\u00bb background_color=\u00a0\u00bbRGBA(255,255,255,0)\u00a0\u00bb background_enable_color=\u00a0\u00bbon\u00a0\u00bb custom_padding=\u00a0\u00bb4px|4px|4px|4px|true|true\u00a0\u00bb border_radii=\u00a0\u00bbon|100px|100px|100px|100px\u00a0\u00bb border_width_all=\u00a0\u00bb1px\u00a0\u00bb border_color_all=\u00a0\u00bb#FFFFFF\u00a0\u00bb global_colors_info=\u00a0\u00bb{}\u00a0\u00bb follow_button=\u00a0\u00bboff\u00a0\u00bb url_new_window=\u00a0\u00bbon\u00a0\u00bb]instagram[\/et_pb_social_media_follow_network][\/et_pb_social_media_follow][\/et_pb_column][\/et_pb_row][et_pb_row _builder_version=\u00a0\u00bb4.21.0&Prime; _module_preset=\u00a0\u00bbdefault\u00a0\u00bb width=\u00a0\u00bb100%\u00a0\u00bb max_width=\u00a0\u00bbnone\u00a0\u00bb border_color_all=\u00a0\u00bbrgba(255,255,255,0.12)\u00a0\u00bb border_width_top=\u00a0\u00bb1px\u00a0\u00bb global_colors_info=\u00a0\u00bb{}\u00a0\u00bb][et_pb_column type=\u00a0\u00bb4_4&Prime; _builder_version=\u00a0\u00bb4.21.0&Prime; _module_preset=\u00a0\u00bbdefault\u00a0\u00bb global_colors_info=\u00a0\u00bb{}\u00a0\u00bb][et_pb_text _builder_version=\u00a0\u00bb4.27.2&Prime; _dynamic_attributes=\u00a0\u00bbcontent\u00a0\u00bb _module_preset=\u00a0\u00bb79e96f59-3a75-4d4b-b7ad-71f5890a6424&Prime; text_text_color=\u00a0\u00bbgcid-4a53c4f2-10a4-4df5-aae5-66892dee9e02&Prime; text_font_size=\u00a0\u00bb16px\u00a0\u00bb text_orientation=\u00a0\u00bbcenter\u00a0\u00bb text_font_size_tablet=\u00a0\u00bb15px\u00a0\u00bb text_font_size_phone=\u00a0\u00bb14px\u00a0\u00bb text_font_size_last_edited=\u00a0\u00bbon|desktop\u00a0\u00bb locked=\u00a0\u00bboff\u00a0\u00bb global_colors_info=\u00a0\u00bb{%22gcid-4a53c4f2-10a4-4df5-aae5-66892dee9e02%22:%91%22text_text_color%22%93}\u00a0\u00bb]@ET-DC@eyJkeW5hbWljIjp0cnVlLCJjb250ZW50IjoiY3VycmVudF9kYXRlIiwic2V0dGluZ3MiOnsiYmVmb3JlIjoiQ29weXJpZ2h0ICZjb3B5OyAiLCJhZnRlciI6InwgVG91cyBkcm9pdHMgclx1MDBlOXNlcnZcdTAwZTlzIiwiZGF0ZV9mb3JtYXQiOiJjdXN0b20iLCJjdXN0b21fZGF0ZV9mb3JtYXQiOiJZIn19@[\/et_pb_text][\/et_pb_column][\/et_pb_row][\/et_pb_section]<\/p>\n","protected":false},"excerpt":{"rendered":"<p>\u00c9curie de Launac\u00c9cole d&rsquo;\u00e9quitation | Formations professionnellesFormations professionnelles \u00e0 l&rsquo;\u00c9curieL\u2019\u00c9curie de Launac : Un projet de vie aupr\u00e8s des chevaux, profitez de formations professionnelles \u00e0 nos c\u00f4t\u00e9s.\u00a0 L\u2019\u00c9curie de Launac est bien plus qu\u2019un simple lieu de travail ou de loisirs \u00e9questres. C\u2019est un v\u00e9ritable centre d\u2019accompagnement pour ceux qui souhaitent faire des chevaux leur [&hellip;]<\/p>\n","protected":false},"author":2,"featured_media":0,"parent":0,"menu_order":0,"comment_status":"closed","ping_status":"closed","template":"","meta":{"_et_pb_use_builder":"on","_et_pb_old_content":"","_et_gb_content_width":"","footnotes":""},"class_list":["post-155","page","type-page","status-publish","hentry"],"_links":{"self":[{"href":"https:\/\/ecuriedelaunac.com\/index.php\/wp-json\/wp\/v2\/pages\/155","targetHints":{"allow":["GET"]}}],"collection":[{"href":"https:\/\/ecuriedelaunac.com\/index.php\/wp-json\/wp\/v2\/pages"}],"about":[{"href":"https:\/\/ecuriedelaunac.com\/index.php\/wp-json\/wp\/v2\/types\/page"}],"author":[{"embeddable":true,"href":"https:\/\/ecuriedelaunac.com\/index.php\/wp-json\/wp\/v2\/users\/2"}],"replies":[{"embeddable":true,"href":"https:\/\/ecuriedelaunac.com\/index.php\/wp-json\/wp\/v2\/comments?post=155"}],"version-history":[{"count":0,"href":"https:\/\/ecuriedelaunac.com\/index.php\/wp-json\/wp\/v2\/pages\/155\/revisions"}],"wp:attachment":[{"href":"https:\/\/ecuriedelaunac.com\/index.php\/wp-json\/wp\/v2\/media?parent=155"}],"curies":[{"name":"wp","href":"https:\/\/api.w.org\/{rel}","templated":true}]}}