{"id":131,"date":"2024-10-25T19:02:34","date_gmt":"2024-10-25T17:02:34","guid":{"rendered":"https:\/\/ecuriedelaunac.com\/?page_id=131"},"modified":"2024-12-10T11:46:54","modified_gmt":"2024-12-10T10:46:54","slug":"stages-concours","status":"publish","type":"page","link":"https:\/\/ecuriedelaunac.com\/index.php\/stages-concours\/","title":{"rendered":"Stages et Concours 2024\/2025"},"content":{"rendered":"<p>[et_pb_section fb_built=\u00a0\u00bb1&Prime; admin_label=\u00a0\u00bbHeader\u00a0\u00bb _builder_version=\u00a0\u00bb4.21.0&Prime; _module_preset=\u00a0\u00bbdefault\u00a0\u00bb background_enable_color=\u00a0\u00bboff\u00a0\u00bb custom_padding=\u00a0\u00bb||0px||false|false\u00a0\u00bb locked=\u00a0\u00bboff\u00a0\u00bb collapsed=\u00a0\u00bbon\u00a0\u00bb global_colors_info=\u00a0\u00bb{}\u00a0\u00bb][et_pb_row _builder_version=\u00a0\u00bb4.21.0&Prime; _module_preset=\u00a0\u00bbdefault\u00a0\u00bb max_width=\u00a0\u00bb800px\u00a0\u00bb global_colors_info=\u00a0\u00bb{}\u00a0\u00bb][et_pb_column type=\u00a0\u00bb4_4&Prime; _builder_version=\u00a0\u00bb4.21.0&Prime; _module_preset=\u00a0\u00bbdefault\u00a0\u00bb global_colors_info=\u00a0\u00bb{}\u00a0\u00bb][et_pb_text _builder_version=\u00a0\u00bb4.27.2&Prime; _module_preset=\u00a0\u00bbf36d7ea4-126d-486e-9c31-b8f74d4695da\u00a0\u00bb text_orientation=\u00a0\u00bbcenter\u00a0\u00bb locked=\u00a0\u00bboff\u00a0\u00bb global_colors_info=\u00a0\u00bb{}\u00a0\u00bb]<\/p>\n<h1>\u00c9curie de Launac<\/h1>\n<p>[\/et_pb_text][et_pb_text _builder_version=\u00a0\u00bb4.27.2&Prime; _module_preset=\u00a0\u00bb766825bf-d301-403e-9e3d-79148ae38ec8&Prime; text_orientation=\u00a0\u00bbcenter\u00a0\u00bb custom_margin=\u00a0\u00bb||30px||false|false\u00a0\u00bb locked=\u00a0\u00bboff\u00a0\u00bb global_colors_info=\u00a0\u00bb{}\u00a0\u00bb]<\/p>\n<h4>\u00c9cole d&rsquo;\u00e9quitation | Stages et Concours 2024\/2025<\/h4>\n<p>[\/et_pb_text][\/et_pb_column][\/et_pb_row][et_pb_row _builder_version=\u00a0\u00bb4.21.0&Prime; _module_preset=\u00a0\u00bbdefault\u00a0\u00bb global_colors_info=\u00a0\u00bb{}\u00a0\u00bb][et_pb_column type=\u00a0\u00bb4_4&Prime; _builder_version=\u00a0\u00bb4.21.0&Prime; _module_preset=\u00a0\u00bbdefault\u00a0\u00bb global_colors_info=\u00a0\u00bb{}\u00a0\u00bb][et_pb_image src=\u00a0\u00bbhttps:\/\/ecuriedelaunac.com\/wp-content\/uploads\/2024\/10\/concours-cheval.jpg\u00a0\u00bb alt=\u00a0\u00bbstages et concours\u00a0\u00bb title_text=\u00a0\u00bbconcours-cheval\u00a0\u00bb _builder_version=\u00a0\u00bb4.27.3&Prime; _module_preset=\u00a0\u00bbdefault\u00a0\u00bb global_colors_info=\u00a0\u00bb{}\u00a0\u00bb][\/et_pb_image][\/et_pb_column][\/et_pb_row][\/et_pb_section][et_pb_section fb_built=\u00a0\u00bb1&Prime; admin_label=\u00a0\u00bbCourse Overview\u00a0\u00bb _builder_version=\u00a0\u00bb4.21.0&Prime; _module_preset=\u00a0\u00bbdefault\u00a0\u00bb background_enable_color=\u00a0\u00bboff\u00a0\u00bb locked=\u00a0\u00bboff\u00a0\u00bb collapsed=\u00a0\u00bbon\u00a0\u00bb global_colors_info=\u00a0\u00bb{}\u00a0\u00bb][et_pb_row column_structure=\u00a0\u00bb2_3,1_3&Prime; _builder_version=\u00a0\u00bb4.21.0&Prime; _module_preset=\u00a0\u00bbdefault\u00a0\u00bb global_colors_info=\u00a0\u00bb{}\u00a0\u00bb][et_pb_column type=\u00a0\u00bb2_3&Prime; _builder_version=\u00a0\u00bb4.21.0&Prime; _module_preset=\u00a0\u00bbdefault\u00a0\u00bb global_colors_info=\u00a0\u00bb{}\u00a0\u00bb][et_pb_text _builder_version=\u00a0\u00bb4.27.2&Prime; _module_preset=\u00a0\u00bb067f04cd-68fa-478d-9de0-6a91b72fbefc\u00a0\u00bb custom_margin=\u00a0\u00bb||10px||false|false\u00a0\u00bb locked=\u00a0\u00bboff\u00a0\u00bb global_colors_info=\u00a0\u00bb{}\u00a0\u00bb]<\/p>\n<h3>Stages<\/h3>\n<p>[\/et_pb_text][et_pb_text _builder_version=\u00a0\u00bb4.27.3&Prime; _module_preset=\u00a0\u00bb0a28a846-c711-4cef-89ab-18ca58fd8575&Prime; custom_margin=\u00a0\u00bb||0px||false|false\u00a0\u00bb locked=\u00a0\u00bboff\u00a0\u00bb global_colors_info=\u00a0\u00bb{}\u00a0\u00bb]<\/p>\n<p><i>\u00c0 chaque vacances, nous proposons des stages qui sont dans la continuit\u00e9 des cours fait tout au long de l&rsquo;ann\u00e9e.<\/i><span class=\"Apple-converted-space\">\u00a0<\/span><\/p>\n<p><strong>Stages \u00e9questres \u00e0 l&rsquo;\u00c9curie de Launac<\/strong><\/p>\n<p>L\u2019\u00c9curie de Launac vous propose des stages \u00e9questres adapt\u00e9s \u00e0 tous les niveaux et toutes les envies. Que vous soyez d\u00e9butant ou cavalier confirm\u00e9, nous vous offrons l\u2019opportunit\u00e9 de progresser dans votre pratique et de diversifier vos comp\u00e9tences \u00e9questres. Nos stages sont con\u00e7us pour vous accompagner dans la pr\u00e9paration aux examens des galops, tout en vous permettant d\u2019explorer des disciplines vari\u00e9es.<\/p>\n<p>Au programme : travail \u00e0 pied, en longe ou en libert\u00e9, pour mieux comprendre votre cheval et am\u00e9liorer votre relation avec lui. Vous pourrez aussi vous initier ou perfectionner l\u2019\u00e9quitation d\u2019ext\u00e9rieur avec des randonn\u00e9es encadr\u00e9es sur nos terrains de galop.<\/p>\n<p>Pour ceux qui souhaitent une approche plus technique, nous proposons des entra\u00eenements sur terrain ext\u00e9rieur pour d\u00e9velopper votre aisance \u00e0 cheval. De plus, si vous souhaitez perfectionner votre anglais \u00e0 cheval, nos stages incluent des sessions d\u2019\u00e9quitation en anglais, vous offrant ainsi une exp\u00e9rience unique de travail multilingue \u00e0 cheval.<\/p>\n<p>Que ce soit pour passer vos galops ou simplement d\u00e9couvrir de nouvelles pratiques \u00e9questres, nos stages sont une excellente occasion d\u2019approfondir vos connaissances et de vivre des moments inoubliables \u00e0 cheval. Rejoignez-nous \u00e0 l\u2019\u00c9curie de Launac pour une exp\u00e9rience \u00e9questre enrichissante et compl\u00e8te.<\/p>\n<p><i>\u00c0 chaque vacances scolaires :<\/i><\/p>\n<ul>\n<li>Poney adh\u00e9rent : demi-journ\u00e9e<span class=\"Apple-tab-span\">\u00a0<\/span>20\u20ac<span class=\"Apple-tab-span\"> <\/span>&#8211; journ\u00e9e enti\u00e8re<span class=\"Apple-tab-span\">\u00a0<\/span>40\u20ac<span class=\"Apple-tab-span\"> <\/span><\/li>\n<li>Poney non adh\u00e9rent : demi-journ\u00e9e<span class=\"Apple-tab-span\">\u00a0<\/span>25\u20ac<span class=\"Apple-tab-span\"> <\/span>&#8211; journ\u00e9e enti\u00e8re<span class=\"Apple-tab-span\">\u00a0<\/span>50\u20ac<\/li>\n<li>Cheval adh\u00e9rent : demi-journ\u00e9e<span class=\"Apple-tab-span\">\u00a0<\/span>25\u20ac<span class=\"Apple-tab-span\"> <\/span>&#8211; journ\u00e9e enti\u00e8re 40\u20ac<span class=\"Apple-tab-span\"> <\/span><\/li>\n<li>Cheval non adh\u00e9rent : demi-journ\u00e9e<span class=\"Apple-tab-span\">\u00a0<\/span>30\u20ac<span class=\"Apple-tab-span\"> <\/span>&#8211; journ\u00e9e enti\u00e8re<span class=\"Apple-tab-span\">\u00a0<\/span>60\u20ac<\/li>\n<\/ul>\n<p>[\/et_pb_text][et_pb_text _builder_version=\u00a0\u00bb4.27.2&Prime; _module_preset=\u00a0\u00bb067f04cd-68fa-478d-9de0-6a91b72fbefc\u00a0\u00bb custom_margin=\u00a0\u00bb30px||10px||false|false\u00a0\u00bb locked=\u00a0\u00bboff\u00a0\u00bb global_colors_info=\u00a0\u00bb{}\u00a0\u00bb]<\/p>\n<h3>Concours<\/h3>\n<p>[\/et_pb_text][et_pb_text _builder_version=\u00a0\u00bb4.27.3&Prime; _module_preset=\u00a0\u00bb0a28a846-c711-4cef-89ab-18ca58fd8575&Prime; custom_margin=\u00a0\u00bb||0px||false|false\u00a0\u00bb hover_enabled=\u00a0\u00bb0&Prime; locked=\u00a0\u00bboff\u00a0\u00bb global_colors_info=\u00a0\u00bb{}\u00a0\u00bb sticky_enabled=\u00a0\u00bb0&Prime;]<\/p>\n<p><strong>Concours \u00e9questres \u00e0 l\u2019\u00c9curie de Launac : un entra\u00eenement au service de la passion et des valeurs sportives<\/strong><\/p>\n<p>\u00c0 l\u2019\u00c9curie de Launac, nous mettons un point d\u2019honneur \u00e0 pr\u00e9parer nos cavaliers pour les concours \u00e9questres, que ce soit en saut d\u2019obstacles, en dressage, CCE, endurance, TREC, pony-games, tir \u00e0 l&rsquo;arc, equifeel&#8230; Nous encourageons nos \u00e9l\u00e8ves, d\u00e8s le galop 3, \u00e0 participer aux comp\u00e9titions et \u00e0 s\u2019engager pleinement dans leur parcours \u00e9questre. Chaque mois, nous organisons au moins une sortie concours, afin de leur offrir une exp\u00e9rience enrichissante, \u00e0 la fois sportive et humaine.<\/p>\n<p>L&rsquo;esprit d&rsquo;\u00e9quipe et la convivialit\u00e9 sont au c\u0153ur de notre approche. Que vous soyez un cavalier d\u00e9butant ou plus exp\u00e9riment\u00e9, chaque sortie est l\u2019occasion de renforcer les liens entre les membres de notre \u00e9curie. Nos comp\u00e9titeurs se fixent des objectifs personnels, mesurent leur progression, et apprennent \u00e0 g\u00e9rer leurs \u00e9motions, tant avant qu\u2019apr\u00e8s les \u00e9preuves. Ces moments de comp\u00e9tition sont bien plus qu\u2019une simple performance ; ils sont des occasions d\u2019apprentissage et de d\u00e9veloppement personnel.<\/p>\n<p>\u00c0 travers la pratique des concours, nous enseignons les belles valeurs du sport : la pers\u00e9v\u00e9rance, le d\u00e9passement de soi, la solidarit\u00e9, la rigueur, et bien s\u00fbr, le plaisir de partager des moments forts avec ses chevaux et ses co\u00e9quipiers. Nous croyons que chaque cavalier peut progresser \u00e0 son rythme tout en s\u2019impr\u00e9gnant de ces principes essentiels qui font la richesse du sport \u00e9questre.<\/p>\n<p>Rejoindre notre \u00e9quipe de comp\u00e9titeurs, c\u2019est s\u2019engager dans une aventure o\u00f9 l\u2019excellence et l\u2019\u00e9panouissement personnel se rencontrent, dans un cadre o\u00f9 la passion et le respect du cheval sont primordiaux. Nous vous accompagnons pour que chaque sortie en concours soit une r\u00e9ussite, au-del\u00e0 des r\u00e9sultats.<\/p>\n<p>[\/et_pb_text][\/et_pb_column][et_pb_column type=\u00a0\u00bb1_3&Prime; _builder_version=\u00a0\u00bb4.21.0&Prime; _module_preset=\u00a0\u00bbdefault\u00a0\u00bb background_color=\u00a0\u00bbgcid-e787f6e4-87be-4325-83ae-4380ef468485&Prime; custom_padding=\u00a0\u00bb40px|40px|40px|40px|true|true\u00a0\u00bb custom_padding_tablet=\u00a0\u00bb30px|30px|30px|30px|true|true\u00a0\u00bb custom_padding_phone=\u00a0\u00bb20px|20px|20px|20px|true|true\u00a0\u00bb custom_padding_last_edited=\u00a0\u00bbon|phone\u00a0\u00bb global_colors_info=\u00a0\u00bb{%22gcid-e787f6e4-87be-4325-83ae-4380ef468485%22:%91%22background_color%22%93}\u00a0\u00bb][et_pb_text _builder_version=\u00a0\u00bb4.27.2&Prime; _module_preset=\u00a0\u00bb842c91df-283f-44bf-a57d-7c3b658b27cd\u00a0\u00bb custom_margin=\u00a0\u00bb||0px||false|false\u00a0\u00bb locked=\u00a0\u00bboff\u00a0\u00bb global_colors_info=\u00a0\u00bb{}\u00a0\u00bb]<\/p>\n<h4>Objectifs de l&rsquo;\u00e9quipe p\u00e9dagogique<\/h4>\n<p>[\/et_pb_text][et_pb_text _builder_version=\u00a0\u00bb4.27.2&Prime; _module_preset=\u00a0\u00bb0a28a846-c711-4cef-89ab-18ca58fd8575&Prime; custom_margin=\u00a0\u00bb||0px||false|false\u00a0\u00bb locked=\u00a0\u00bboff\u00a0\u00bb global_colors_info=\u00a0\u00bb{}\u00a0\u00bb]<\/p>\n<ul>\n<li>Travailler dans le <b>respect<\/b> de soi, des autres et des chevaux.<\/li>\n<li>D\u00e9velopper son <b>autonomie<\/b> dans la pratique \u00e9questre, devenir <b>responsable<\/b> de sa monture.<\/li>\n<li>Ma\u00eetriser ses <b>\u00e9motions<\/b>, favoriser la <b>concentration<\/b>, la <b>volont\u00e9<\/b>, la <b>patience<\/b>, la <b>rigueur.<\/b><\/li>\n<li>Devenir <b>partenaire<\/b> du cheval.<\/li>\n<\/ul>\n<p>[\/et_pb_text][\/et_pb_column][\/et_pb_row][\/et_pb_section][et_pb_section fb_built=\u00a0\u00bb1&Prime; admin_label=\u00a0\u00bbCall to Action\u00a0\u00bb _builder_version=\u00a0\u00bb4.21.0&Prime; _module_preset=\u00a0\u00bbdefault\u00a0\u00bb background_color=\u00a0\u00bbgcid-e787f6e4-87be-4325-83ae-4380ef468485&Prime; locked=\u00a0\u00bboff\u00a0\u00bb collapsed=\u00a0\u00bbon\u00a0\u00bb global_colors_info=\u00a0\u00bb{%22gcid-e787f6e4-87be-4325-83ae-4380ef468485%22:%91%22background_color%22%93}\u00a0\u00bb][et_pb_row _builder_version=\u00a0\u00bb4.21.0&Prime; _module_preset=\u00a0\u00bbdefault\u00a0\u00bb max_width=\u00a0\u00bb900px\u00a0\u00bb global_colors_info=\u00a0\u00bb{}\u00a0\u00bb][et_pb_column type=\u00a0\u00bb4_4&Prime; _builder_version=\u00a0\u00bb4.21.0&Prime; _module_preset=\u00a0\u00bbdefault\u00a0\u00bb global_colors_info=\u00a0\u00bb{}\u00a0\u00bb][et_pb_text _builder_version=\u00a0\u00bb4.27.2&Prime; _module_preset=\u00a0\u00bb067f04cd-68fa-478d-9de0-6a91b72fbefc\u00a0\u00bb text_orientation=\u00a0\u00bbcenter\u00a0\u00bb locked=\u00a0\u00bboff\u00a0\u00bb global_colors_info=\u00a0\u00bb{}\u00a0\u00bb]<\/p>\n<h3>Si vous avez la moindre question au sujet des stages et concours , merci de nous contacter au 06 65 19 92 61<\/h3>\n<p>[\/et_pb_text][et_pb_button button_url=\u00a0\u00bb@ET-DC@eyJkeW5hbWljIjp0cnVlLCJjb250ZW50IjoicG9zdF9saW5rX3VybF9wYWdlIiwic2V0dGluZ3MiOnsicG9zdF9pZCI6IjE2MSJ9fQ==@\u00a0\u00bb button_text=\u00a0\u00bbBalades\u00a0\u00bb button_alignment=\u00a0\u00bbcenter\u00a0\u00bb _builder_version=\u00a0\u00bb4.27.3&Prime; _dynamic_attributes=\u00a0\u00bbbutton_url\u00a0\u00bb _module_preset=\u00a0\u00bb524ac4e3-4000-43d0-b918-fe46d539cd1b\u00a0\u00bb locked=\u00a0\u00bboff\u00a0\u00bb global_colors_info=\u00a0\u00bb{}\u00a0\u00bb][\/et_pb_button][\/et_pb_column][\/et_pb_row][\/et_pb_section][et_pb_section fb_built=\u00a0\u00bb1&Prime; admin_label=\u00a0\u00bbFooter\u00a0\u00bb _builder_version=\u00a0\u00bb4.21.0&Prime; _module_preset=\u00a0\u00bbdefault\u00a0\u00bb use_background_color_gradient=\u00a0\u00bbon\u00a0\u00bb background_color_gradient_stops=\u00a0\u00bbgcid-9735c811-14cd-4d63-8358-8506147896d3 30%|rgba(52,33,7,0.85) 100%\u00a0\u00bb background_color_gradient_overlays_image=\u00a0\u00bbon\u00a0\u00bb background_image=\u00a0\u00bbhttps:\/\/ecuriedelaunac.com\/wp-content\/uploads\/2024\/10\/horse-riding-8.jpg\u00a0\u00bb custom_padding=\u00a0\u00bb||0px||false|false\u00a0\u00bb saved_tabs=\u00a0\u00bball\u00a0\u00bb locked=\u00a0\u00bboff\u00a0\u00bb collapsed=\u00a0\u00bbon\u00a0\u00bb global_colors_info=\u00a0\u00bb{%22gcid-9735c811-14cd-4d63-8358-8506147896d3%22:%91%22background_color_gradient_stops%22%93}\u00a0\u00bb][et_pb_row column_structure=\u00a0\u00bb1_3,1_3,1_3&Prime; _builder_version=\u00a0\u00bb4.27.2&Prime; _module_preset=\u00a0\u00bbdefault\u00a0\u00bb custom_margin=\u00a0\u00bb||60px||false|false\u00a0\u00bb global_colors_info=\u00a0\u00bb{}\u00a0\u00bb][et_pb_column type=\u00a0\u00bb1_3&Prime; _builder_version=\u00a0\u00bb4.21.0&Prime; _module_preset=\u00a0\u00bbdefault\u00a0\u00bb global_colors_info=\u00a0\u00bb{}\u00a0\u00bb][et_pb_text _builder_version=\u00a0\u00bb4.21.0&Prime; _module_preset=\u00a0\u00bb0851f248-7d1f-4f1b-8a7e-a614ed85a154&Prime; header_6_text_color=\u00a0\u00bb#B5A289&Prime; locked=\u00a0\u00bboff\u00a0\u00bb global_colors_info=\u00a0\u00bb{}\u00a0\u00bb]<\/p>\n<h6>Contact<\/h6>\n<p>[\/et_pb_text][et_pb_text _builder_version=\u00a0\u00bb4.27.2&Prime; _module_preset=\u00a0\u00bb4c4d776c-a14f-42f9-8b4b-66dcd9ffbd8b\u00a0\u00bb text_text_color=\u00a0\u00bb#FFFFFF\u00a0\u00bb text_font_size=\u00a0\u00bb14px\u00a0\u00bb link_text_color=\u00a0\u00bb#FFFFFF\u00a0\u00bb width=\u00a0\u00bb100%\u00a0\u00bb max_width=\u00a0\u00bb100%\u00a0\u00bb custom_margin=\u00a0\u00bb||0px||false|false\u00a0\u00bb locked=\u00a0\u00bboff\u00a0\u00bb global_colors_info=\u00a0\u00bb{}\u00a0\u00bb]<\/p>\n<p><a href=\"mailto:laetitiaassieconsult@gmail.com\">laetitiaassieconsult@gmail.com<\/a><\/p>\n<p>[\/et_pb_text][et_pb_text _builder_version=\u00a0\u00bb4.27.2&Prime; _module_preset=\u00a0\u00bbd3186ea1-8992-4957-a930-deb868fb3220&Prime; link_text_color=\u00a0\u00bb#FFFFFF\u00a0\u00bb header_4_text_color=\u00a0\u00bb#FFFFFF\u00a0\u00bb locked=\u00a0\u00bboff\u00a0\u00bb global_colors_info=\u00a0\u00bb{}\u00a0\u00bb]<\/p>\n<h4><a href=\"tel:0665199261\"><span aria-label=\"Appeler le 06 65 19 92 61\">06 65 19 92 61<\/span><\/a><\/h4>\n<p>[\/et_pb_text][et_pb_text _builder_version=\u00a0\u00bb4.27.2&Prime; _module_preset=\u00a0\u00bb4c4d776c-a14f-42f9-8b4b-66dcd9ffbd8b\u00a0\u00bb text_text_color=\u00a0\u00bb#FFFFFF\u00a0\u00bb link_text_color=\u00a0\u00bb#FFFFFF\u00a0\u00bb locked=\u00a0\u00bboff\u00a0\u00bb global_colors_info=\u00a0\u00bb{}\u00a0\u00bb]<\/p>\n<p><a href=\"https:\/\/www.google.com\/maps\/place\/\/data=!4m2!3m1!1s0x12b14ccbe5aa5f8f:0x591194690a911e6a?sa=X&amp;ved=1t:8290&amp;ictx=111\" data-url=\"\/maps\/place\/\/data=!4m2!3m1!1s0x12b14ccbe5aa5f8f:0x591194690a911e6a?sa=X&amp;ved=2ahUKEwjQtvKUl6eJAxX5APsDHfe0OjkQ4kB6BAgBEAA\" data-sb=\"\/url?sa=t&amp;source=web&amp;rct=j&amp;opi=89978449&amp;url=\/maps\/place\/\/data%3D!4m2!3m1!1s0x12b14ccbe5aa5f8f:0x591194690a911e6a%3Fsa%3DX%26ved%3D1t:8290%26ictx%3D111&amp;ved=2ahUKEwjQtvKUl6eJAxX5APsDHfe0OjkQ4kB6BAhFEAM&amp;usg=AOvVaw3xiPvcdakVyO-RAl7500E1\" tabindex=\"0\" target=\"_blank\" rel=\"noopener\"><span>D613, 34690 Fabr\u00e8gues<\/span><\/a><\/p>\n<p>[\/et_pb_text][\/et_pb_column][et_pb_column type=\u00a0\u00bb1_3&Prime; _builder_version=\u00a0\u00bb4.21.0&Prime; _module_preset=\u00a0\u00bbdefault\u00a0\u00bb global_colors_info=\u00a0\u00bb{}\u00a0\u00bb][et_pb_text _builder_version=\u00a0\u00bb4.27.2&Prime; _module_preset=\u00a0\u00bb0851f248-7d1f-4f1b-8a7e-a614ed85a154&Prime; header_6_text_color=\u00a0\u00bb#B5A289&Prime; locked=\u00a0\u00bboff\u00a0\u00bb global_colors_info=\u00a0\u00bb{}\u00a0\u00bb]<\/p>\n<h6>Horaires<\/h6>\n<p>[\/et_pb_text][et_pb_text _builder_version=\u00a0\u00bb4.27.2&Prime; _module_preset=\u00a0\u00bb4c4d776c-a14f-42f9-8b4b-66dcd9ffbd8b\u00a0\u00bb text_text_color=\u00a0\u00bb#FFFFFF\u00a0\u00bb custom_margin=\u00a0\u00bb||0px||false|false\u00a0\u00bb locked=\u00a0\u00bboff\u00a0\u00bb global_colors_info=\u00a0\u00bb{}\u00a0\u00bb]<\/p>\n<p>Le centre \u00e9questre est ouvert du lundi au samedi.<\/p>\n<p>[\/et_pb_text][et_pb_text _builder_version=\u00a0\u00bb4.27.2&Prime; _module_preset=\u00a0\u00bb4c4d776c-a14f-42f9-8b4b-66dcd9ffbd8b\u00a0\u00bb text_text_color=\u00a0\u00bb#FFFFFF\u00a0\u00bb custom_margin=\u00a0\u00bb||0px||false|false\u00a0\u00bb locked=\u00a0\u00bboff\u00a0\u00bb global_colors_info=\u00a0\u00bb{}\u00a0\u00bb]<\/p>\n<p>8h00 &#8211; 18h00<\/p>\n<p>[\/et_pb_text][et_pb_text _builder_version=\u00a0\u00bb4.27.2&Prime; _module_preset=\u00a0\u00bb4c4d776c-a14f-42f9-8b4b-66dcd9ffbd8b\u00a0\u00bb text_text_color=\u00a0\u00bb#FFFFFF\u00a0\u00bb custom_margin=\u00a0\u00bb||0px||false|false\u00a0\u00bb locked=\u00a0\u00bboff\u00a0\u00bb global_colors_info=\u00a0\u00bb{}\u00a0\u00bb]<\/p>\n<p>Horaires sp\u00e9ciales pour les \u00e9v\u00e8nements, les dimanches, lors des stages (vacances scolaires) et balades.\u00a0<\/p>\n<p>[\/et_pb_text][\/et_pb_column][et_pb_column type=\u00a0\u00bb1_3&Prime; _builder_version=\u00a0\u00bb4.21.0&Prime; _module_preset=\u00a0\u00bbdefault\u00a0\u00bb global_colors_info=\u00a0\u00bb{}\u00a0\u00bb][et_pb_text _builder_version=\u00a0\u00bb4.27.2&Prime; _module_preset=\u00a0\u00bb0851f248-7d1f-4f1b-8a7e-a614ed85a154&Prime; header_6_text_color=\u00a0\u00bb#B5A289&Prime; locked=\u00a0\u00bboff\u00a0\u00bb global_colors_info=\u00a0\u00bb{}\u00a0\u00bb]<\/p>\n<h6>Nous suivre<\/h6>\n<p>[\/et_pb_text][et_pb_social_media_follow _builder_version=\u00a0\u00bb4.27.2&Prime; _module_preset=\u00a0\u00bbdefault\u00a0\u00bb global_colors_info=\u00a0\u00bb{}\u00a0\u00bb][et_pb_social_media_follow_network social_network=\u00a0\u00bbfacebook\u00a0\u00bb url=\u00a0\u00bbhttps:\/\/www.facebook.com\/ecuriedelaunac\u00a0\u00bb _builder_version=\u00a0\u00bb4.27.2&Prime; _module_preset=\u00a0\u00bbdefault\u00a0\u00bb background_color=\u00a0\u00bbRGBA(255,255,255,0)\u00a0\u00bb background_enable_color=\u00a0\u00bbon\u00a0\u00bb custom_padding=\u00a0\u00bb4px|4px|4px|4px|true|true\u00a0\u00bb border_radii=\u00a0\u00bbon|100px|100px|100px|100px\u00a0\u00bb border_width_all=\u00a0\u00bb1px\u00a0\u00bb border_color_all=\u00a0\u00bb#FFFFFF\u00a0\u00bb global_colors_info=\u00a0\u00bb{}\u00a0\u00bb follow_button=\u00a0\u00bboff\u00a0\u00bb url_new_window=\u00a0\u00bbon\u00a0\u00bb]facebook[\/et_pb_social_media_follow_network][et_pb_social_media_follow_network social_network=\u00a0\u00bbinstagram\u00a0\u00bb url=\u00a0\u00bbhttps:\/\/www.instagram.com\/ecuriedelaunac\/\u00a0\u00bb _builder_version=\u00a0\u00bb4.27.2&Prime; _module_preset=\u00a0\u00bbdefault\u00a0\u00bb background_color=\u00a0\u00bbRGBA(255,255,255,0)\u00a0\u00bb background_enable_color=\u00a0\u00bbon\u00a0\u00bb custom_padding=\u00a0\u00bb4px|4px|4px|4px|true|true\u00a0\u00bb border_radii=\u00a0\u00bbon|100px|100px|100px|100px\u00a0\u00bb border_width_all=\u00a0\u00bb1px\u00a0\u00bb border_color_all=\u00a0\u00bb#FFFFFF\u00a0\u00bb global_colors_info=\u00a0\u00bb{}\u00a0\u00bb follow_button=\u00a0\u00bboff\u00a0\u00bb url_new_window=\u00a0\u00bbon\u00a0\u00bb]instagram[\/et_pb_social_media_follow_network][\/et_pb_social_media_follow][\/et_pb_column][\/et_pb_row][et_pb_row _builder_version=\u00a0\u00bb4.21.0&Prime; _module_preset=\u00a0\u00bbdefault\u00a0\u00bb width=\u00a0\u00bb100%\u00a0\u00bb max_width=\u00a0\u00bbnone\u00a0\u00bb border_color_all=\u00a0\u00bbrgba(255,255,255,0.12)\u00a0\u00bb border_width_top=\u00a0\u00bb1px\u00a0\u00bb global_colors_info=\u00a0\u00bb{}\u00a0\u00bb][et_pb_column type=\u00a0\u00bb4_4&Prime; _builder_version=\u00a0\u00bb4.21.0&Prime; _module_preset=\u00a0\u00bbdefault\u00a0\u00bb global_colors_info=\u00a0\u00bb{}\u00a0\u00bb][et_pb_text _builder_version=\u00a0\u00bb4.27.2&Prime; _dynamic_attributes=\u00a0\u00bbcontent\u00a0\u00bb _module_preset=\u00a0\u00bb79e96f59-3a75-4d4b-b7ad-71f5890a6424&Prime; text_text_color=\u00a0\u00bbgcid-4a53c4f2-10a4-4df5-aae5-66892dee9e02&Prime; text_font_size=\u00a0\u00bb16px\u00a0\u00bb text_orientation=\u00a0\u00bbcenter\u00a0\u00bb text_font_size_tablet=\u00a0\u00bb15px\u00a0\u00bb text_font_size_phone=\u00a0\u00bb14px\u00a0\u00bb text_font_size_last_edited=\u00a0\u00bbon|desktop\u00a0\u00bb locked=\u00a0\u00bboff\u00a0\u00bb global_colors_info=\u00a0\u00bb{%22gcid-4a53c4f2-10a4-4df5-aae5-66892dee9e02%22:%91%22text_text_color%22%93}\u00a0\u00bb]@ET-DC@eyJkeW5hbWljIjp0cnVlLCJjb250ZW50IjoiY3VycmVudF9kYXRlIiwic2V0dGluZ3MiOnsiYmVmb3JlIjoiQ29weXJpZ2h0ICZjb3B5OyAiLCJhZnRlciI6InwgVG91cyBkcm9pdHMgclx1MDBlOXNlcnZcdTAwZTlzIiwiZGF0ZV9mb3JtYXQiOiJjdXN0b20iLCJjdXN0b21fZGF0ZV9mb3JtYXQiOiJZIn19@[\/et_pb_text][\/et_pb_column][\/et_pb_row][\/et_pb_section]<\/p>\n","protected":false},"excerpt":{"rendered":"<p>\u00c9curie de Launac\u00c9cole d&rsquo;\u00e9quitation | Stages et Concours 2024\/2025Stages\u00c0 chaque vacances, nous proposons des stages qui sont dans la continuit\u00e9 des cours fait tout au long de l&rsquo;ann\u00e9e.\u00a0 Stages \u00e9questres \u00e0 l&rsquo;\u00c9curie de Launac L\u2019\u00c9curie de Launac vous propose des stages \u00e9questres adapt\u00e9s \u00e0 tous les niveaux et toutes les envies. Que vous soyez d\u00e9butant [&hellip;]<\/p>\n","protected":false},"author":2,"featured_media":0,"parent":0,"menu_order":0,"comment_status":"closed","ping_status":"closed","template":"","meta":{"_et_pb_use_builder":"on","_et_pb_old_content":"","_et_gb_content_width":"","footnotes":""},"class_list":["post-131","page","type-page","status-publish","hentry"],"_links":{"self":[{"href":"https:\/\/ecuriedelaunac.com\/index.php\/wp-json\/wp\/v2\/pages\/131","targetHints":{"allow":["GET"]}}],"collection":[{"href":"https:\/\/ecuriedelaunac.com\/index.php\/wp-json\/wp\/v2\/pages"}],"about":[{"href":"https:\/\/ecuriedelaunac.com\/index.php\/wp-json\/wp\/v2\/types\/page"}],"author":[{"embeddable":true,"href":"https:\/\/ecuriedelaunac.com\/index.php\/wp-json\/wp\/v2\/users\/2"}],"replies":[{"embeddable":true,"href":"https:\/\/ecuriedelaunac.com\/index.php\/wp-json\/wp\/v2\/comments?post=131"}],"version-history":[{"count":0,"href":"https:\/\/ecuriedelaunac.com\/index.php\/wp-json\/wp\/v2\/pages\/131\/revisions"}],"wp:attachment":[{"href":"https:\/\/ecuriedelaunac.com\/index.php\/wp-json\/wp\/v2\/media?parent=131"}],"curies":[{"name":"wp","href":"https:\/\/api.w.org\/{rel}","templated":true}]}}